{"id":145,"date":"2025-04-10T09:05:13","date_gmt":"2025-04-10T09:05:13","guid":{"rendered":"https:\/\/deniareformas.com\/cookie-policy\/"},"modified":"2025-04-10T09:24:48","modified_gmt":"2025-04-10T09:24:48","slug":"cookie-policy","status":"publish","type":"page","link":"http:\/\/deniareformas.com\/en\/cookie-policy\/","title":{"rendered":"Cookies policy"},"content":{"rendered":"<p>Esta p\u00e1gina proporciona informaci\u00f3n completa sobre c\u00f3mo utilizamos las cookies en nuestro sitio web para mejorar su experiencia de navegaci\u00f3n, mejorar el rendimiento del sitio web y ofrecer contenidos personalizados. Las cookies son peque\u00f1os archivos de texto que se almacenan en su dispositivo cuando visita nuestro sitio web. Nos ayudan a entender c\u00f3mo interact\u00faan los visitantes con nuestro sitio web, permiti\u00e9ndonos ofrecer una experiencia de usuario m\u00e1s fluida y eficiente. En el cuadro siguiente encontrar\u00e1 informaci\u00f3n detallada sobre cada tipo de cookie que utilizamos, su finalidad y el tiempo que permanecen en su dispositivo. Nos comprometemos a respetar su privacidad y a ofrecer transparencia sobre los datos que recopilamos a trav\u00e9s de las cookies. Para m\u00e1s informaci\u00f3n sobre c\u00f3mo tratamos sus datos personales, consulte nuestra Pol\u00edtica de privacidad.<\/p>\n<div class=\"wpconsent-cookie-policy\"><h2 class=\"wpconsent-cookie-category-name\">Essential<\/h2><p class=\"wpconsent-cookie-category-description\">Las cookies esenciales permiten funciones b\u00e1sicas y son necesarias para el correcto funcionamiento del sitio web.<\/p><table class=\"wpconsent-cookie-policy-table\"><tr><th>Name<\/th><th>Description<\/th><th>Duration<\/th><\/tr><tr><td>wpconsent_preferences<\/td><td>This cookie is used to store the user&#039;s cookie consent preferences.<\/td><td>30 days<\/td><\/tr><\/table><h3 class=\"wpconsent-cookie-service-name\">Comments<\/h3><p class=\"wpconsent-cookie-service-description\">Estas cookies son necesarias para a\u00f1adir comentarios en este sitio web.<\/p><table class=\"wpconsent-cookie-policy-table\"><tr><th>Name<\/th><th>Description<\/th><th>Duration<\/th><\/tr><tr><td>comment_author<\/td><td>Used to track the user across multiple sessions.<\/td><td>Session<\/td><\/tr><tr><td>comment_author_email<\/td><td>Used to track the user across multiple sessions.<\/td><td>Session<\/td><\/tr><tr><td>comment_author_url<\/td><td>Used to track the user across multiple sessions.<\/td><td>Session<\/td><\/tr><\/table><\/div>","protected":false},"excerpt":{"rendered":"<p>Esta p\u00e1gina proporciona informaci\u00f3n completa sobre c\u00f3mo utilizamos las cookies en nuestro sitio web para mejorar su experiencia de navegaci\u00f3n, mejorar el rendimiento del sitio web y ofrecer contenidos personalizados. Las cookies son peque\u00f1os archivos de texto que se almacenan en su dispositivo cuando visita nuestro sitio web. Nos ayudan a entender c\u00f3mo interact\u00faan los [&#8230;]","protected":false},"author":1,"featured_media":0,"parent":0,"menu_order":0,"comment_status":"closed","ping_status":"closed","template":"","meta":{"_joinchat":[],"footnotes":""},"class_list":["post-145","page","type-page","status-publish","hentry"],"yoast_head":"<!-- This site is optimized with the Yoast SEO plugin v26.8 - https:\/\/yoast.com\/product\/yoast-seo-wordpress\/ -->\n<title>Pol\u00edtica de cookies - DENIA REFORMAS<\/title>\n<meta name=\"description\" content=\"Esta p\u00e1gina proporciona informaci\u00f3n completa sobre c\u00f3mo utilizamos las cookies en nuestro sitio web para mejorar su experiencia de navegaci\u00f3n, mejorar el rendimiento del sitio web y ofrecer contenidos\" \/>\n<meta name=\"robots\" content=\"index, follow, max-snippet:-1, max-image-preview:large, max-video-preview:-1\" \/>\n<link rel=\"canonical\" href=\"http:\/\/deniareformas.com\/en\/cookie-policy\/\" \/>\n<meta property=\"og:locale\" content=\"en_US\" \/>\n<meta property=\"og:type\" content=\"article\" \/>\n<meta property=\"og:title\" content=\"Pol\u00edtica de cookies - DENIA REFORMAS\" \/>\n<meta property=\"og:description\" content=\"Esta p\u00e1gina proporciona informaci\u00f3n completa sobre c\u00f3mo utilizamos las cookies en nuestro sitio web para mejorar su experiencia de navegaci\u00f3n, mejorar el rendimiento del sitio web y ofrecer contenidos\" \/>\n<meta property=\"og:url\" content=\"http:\/\/deniareformas.com\/en\/cookie-policy\/\" \/>\n<meta property=\"og:site_name\" content=\"DENIA REFORMAS\" \/>\n<meta property=\"article:publisher\" content=\"https:\/\/www.facebook.com\/profile.php?id=61574928158369\" \/>\n<meta property=\"article:modified_time\" content=\"2025-04-10T09:24:48+00:00\" \/>\n<meta name=\"twitter:card\" content=\"summary_large_image\" \/>\n<meta name=\"twitter:label1\" content=\"Est. reading time\" \/>\n\t<meta name=\"twitter:data1\" content=\"1 minute\" \/>\n<script type=\"application\/ld+json\" class=\"yoast-schema-graph\">{\"@context\":\"https:\/\/schema.org\",\"@graph\":[{\"@type\":\"WebPage\",\"@id\":\"http:\/\/deniareformas.com\/en\/cookie-policy\/\",\"url\":\"http:\/\/deniareformas.com\/en\/cookie-policy\/\",\"name\":\"Pol\u00edtica de cookies - DENIA REFORMAS\",\"isPartOf\":{\"@id\":\"http:\/\/deniareformas.com\/#website\"},\"datePublished\":\"2025-04-10T09:05:13+00:00\",\"dateModified\":\"2025-04-10T09:24:48+00:00\",\"description\":\"Esta p\u00e1gina proporciona informaci\u00f3n completa sobre c\u00f3mo utilizamos las cookies en nuestro sitio web para mejorar su experiencia de navegaci\u00f3n, mejorar el rendimiento del sitio web y ofrecer contenidos\",\"breadcrumb\":{\"@id\":\"http:\/\/deniareformas.com\/en\/cookie-policy\/#breadcrumb\"},\"inLanguage\":\"en-US\",\"potentialAction\":[{\"@type\":\"ReadAction\",\"target\":[\"http:\/\/deniareformas.com\/en\/cookie-policy\/\"]}]},{\"@type\":\"BreadcrumbList\",\"@id\":\"http:\/\/deniareformas.com\/en\/cookie-policy\/#breadcrumb\",\"itemListElement\":[{\"@type\":\"ListItem\",\"position\":1,\"name\":\"Portada\",\"item\":\"http:\/\/deniareformas.com\/\"},{\"@type\":\"ListItem\",\"position\":2,\"name\":\"Pol\u00edtica de cookies\"}]},{\"@type\":\"WebSite\",\"@id\":\"http:\/\/deniareformas.com\/#website\",\"url\":\"http:\/\/deniareformas.com\/\",\"name\":\"DENIA REFORMAS\",\"description\":\"S&oacute;lo otro sitio de WordPress\",\"publisher\":{\"@id\":\"http:\/\/deniareformas.com\/#organization\"},\"potentialAction\":[{\"@type\":\"SearchAction\",\"target\":{\"@type\":\"EntryPoint\",\"urlTemplate\":\"http:\/\/deniareformas.com\/?s={search_term_string}\"},\"query-input\":{\"@type\":\"PropertyValueSpecification\",\"valueRequired\":true,\"valueName\":\"search_term_string\"}}],\"inLanguage\":\"en-US\"},{\"@type\":\"Organization\",\"@id\":\"http:\/\/deniareformas.com\/#organization\",\"name\":\"REFORMAS D\u00c9NIA\",\"url\":\"http:\/\/deniareformas.com\/\",\"logo\":{\"@type\":\"ImageObject\",\"inLanguage\":\"en-US\",\"@id\":\"http:\/\/deniareformas.com\/#\/schema\/logo\/image\/\",\"url\":\"http:\/\/deniareformas.com\/wp-content\/uploads\/2025\/03\/logo-3-1.jpg\",\"contentUrl\":\"http:\/\/deniareformas.com\/wp-content\/uploads\/2025\/03\/logo-3-1.jpg\",\"width\":560,\"height\":470,\"caption\":\"REFORMAS D\u00c9NIA\"},\"image\":{\"@id\":\"http:\/\/deniareformas.com\/#\/schema\/logo\/image\/\"},\"sameAs\":[\"https:\/\/www.facebook.com\/profile.php?id=61574928158369\"]}]}<\/script>\n<!-- \/ Yoast SEO plugin. -->","yoast_head_json":{"title":"Pol\u00edtica de cookies - DENIA REFORMAS","description":"Esta p\u00e1gina proporciona informaci\u00f3n completa sobre c\u00f3mo utilizamos las cookies en nuestro sitio web para mejorar su experiencia de navegaci\u00f3n, mejorar el rendimiento del sitio web y ofrecer contenidos","robots":{"index":"index","follow":"follow","max-snippet":"max-snippet:-1","max-image-preview":"max-image-preview:large","max-video-preview":"max-video-preview:-1"},"canonical":"http:\/\/deniareformas.com\/en\/cookie-policy\/","og_locale":"en_US","og_type":"article","og_title":"Pol\u00edtica de cookies - DENIA REFORMAS","og_description":"Esta p\u00e1gina proporciona informaci\u00f3n completa sobre c\u00f3mo utilizamos las cookies en nuestro sitio web para mejorar su experiencia de navegaci\u00f3n, mejorar el rendimiento del sitio web y ofrecer contenidos","og_url":"http:\/\/deniareformas.com\/en\/cookie-policy\/","og_site_name":"DENIA REFORMAS","article_publisher":"https:\/\/www.facebook.com\/profile.php?id=61574928158369","article_modified_time":"2025-04-10T09:24:48+00:00","twitter_card":"summary_large_image","twitter_misc":{"Est. reading time":"1 minute"},"schema":{"@context":"https:\/\/schema.org","@graph":[{"@type":"WebPage","@id":"http:\/\/deniareformas.com\/en\/cookie-policy\/","url":"http:\/\/deniareformas.com\/en\/cookie-policy\/","name":"Pol\u00edtica de cookies - DENIA REFORMAS","isPartOf":{"@id":"http:\/\/deniareformas.com\/#website"},"datePublished":"2025-04-10T09:05:13+00:00","dateModified":"2025-04-10T09:24:48+00:00","description":"Esta p\u00e1gina proporciona informaci\u00f3n completa sobre c\u00f3mo utilizamos las cookies en nuestro sitio web para mejorar su experiencia de navegaci\u00f3n, mejorar el rendimiento del sitio web y ofrecer contenidos","breadcrumb":{"@id":"http:\/\/deniareformas.com\/en\/cookie-policy\/#breadcrumb"},"inLanguage":"en-US","potentialAction":[{"@type":"ReadAction","target":["http:\/\/deniareformas.com\/en\/cookie-policy\/"]}]},{"@type":"BreadcrumbList","@id":"http:\/\/deniareformas.com\/en\/cookie-policy\/#breadcrumb","itemListElement":[{"@type":"ListItem","position":1,"name":"Portada","item":"http:\/\/deniareformas.com\/"},{"@type":"ListItem","position":2,"name":"Pol\u00edtica de cookies"}]},{"@type":"WebSite","@id":"http:\/\/deniareformas.com\/#website","url":"http:\/\/deniareformas.com\/","name":"DENIA REFORMAS","description":"S&oacute;lo otro sitio de WordPress","publisher":{"@id":"http:\/\/deniareformas.com\/#organization"},"potentialAction":[{"@type":"SearchAction","target":{"@type":"EntryPoint","urlTemplate":"http:\/\/deniareformas.com\/?s={search_term_string}"},"query-input":{"@type":"PropertyValueSpecification","valueRequired":true,"valueName":"search_term_string"}}],"inLanguage":"en-US"},{"@type":"Organization","@id":"http:\/\/deniareformas.com\/#organization","name":"REFORMAS D\u00c9NIA","url":"http:\/\/deniareformas.com\/","logo":{"@type":"ImageObject","inLanguage":"en-US","@id":"http:\/\/deniareformas.com\/#\/schema\/logo\/image\/","url":"http:\/\/deniareformas.com\/wp-content\/uploads\/2025\/03\/logo-3-1.jpg","contentUrl":"http:\/\/deniareformas.com\/wp-content\/uploads\/2025\/03\/logo-3-1.jpg","width":560,"height":470,"caption":"REFORMAS D\u00c9NIA"},"image":{"@id":"http:\/\/deniareformas.com\/#\/schema\/logo\/image\/"},"sameAs":["https:\/\/www.facebook.com\/profile.php?id=61574928158369"]}]}},"_links":{"self":[{"href":"http:\/\/deniareformas.com\/en\/wp-json\/wp\/v2\/pages\/145","targetHints":{"allow":["GET"]}}],"collection":[{"href":"http:\/\/deniareformas.com\/en\/wp-json\/wp\/v2\/pages"}],"about":[{"href":"http:\/\/deniareformas.com\/en\/wp-json\/wp\/v2\/types\/page"}],"author":[{"embeddable":true,"href":"http:\/\/deniareformas.com\/en\/wp-json\/wp\/v2\/users\/1"}],"replies":[{"embeddable":true,"href":"http:\/\/deniareformas.com\/en\/wp-json\/wp\/v2\/comments?post=145"}],"version-history":[{"count":2,"href":"http:\/\/deniareformas.com\/en\/wp-json\/wp\/v2\/pages\/145\/revisions"}],"predecessor-version":[{"id":147,"href":"http:\/\/deniareformas.com\/en\/wp-json\/wp\/v2\/pages\/145\/revisions\/147"}],"wp:attachment":[{"href":"http:\/\/deniareformas.com\/en\/wp-json\/wp\/v2\/media?parent=145"}],"curies":[{"name":"wp","href":"https:\/\/api.w.org\/{rel}","templated":true}]}}