{"id":31,"date":"2025-04-05T13:44:49","date_gmt":"2025-04-05T13:44:49","guid":{"rendered":"https:\/\/deniareformas.com\/?page_id=31"},"modified":"2025-04-10T08:54:19","modified_gmt":"2025-04-10T08:54:19","slug":"reformas-de-bano","status":"publish","type":"page","link":"http:\/\/deniareformas.com\/en\/reformas-de-bano\/","title":{"rendered":"BATHROOM RENOVATIONS"},"content":{"rendered":"<div id=\"page-header-903420085\" class=\"page-header-wrapper\">\n  <div class=\"page-title light divided-title\">\n\n    \n    <div class=\"page-title-inner container align-center text-center flex-row-col medium-flex-wrap\" >\n              <div class=\"title-wrapper flex-col\">\n          <h1 class=\"entry-title mb-0\">\n            BATHROOM RENOVATIONS          <\/h1>\n        <\/div>\n                    <div class=\"title-content flex-col\">\n        <div class=\"title-breadcrumbs pb-half pt-half\"><\/div>      <\/div>\n    <\/div>\n\n       <\/div>\n  <div class=\"container header-wrapper-divider\"><hr\/><\/div>  <\/div>\n   <div class=\"row\"  id=\"row-2003318959\"> \n\t<div id=\"col-1180020317\" class=\"col medium-3 small-12 large-3\"  >\n\t\t\t\t<div class=\"col-inner\"  >\n\t\t\t\n\t\t\t\r\n<p><strong>Stylish and high-quality bathroom renovations in D\u00e9nia<\/strong> At Reformas D\u00e9nia, we transform your bathroom into a modern, functional space tailored to your needs. From design to execution, we guarantee impeccable finishes and top-quality materials. Make your bathroom a unique haven. Contact us today and take the first step towards the bathroom of your dreams!<\/p>\r\n<a href=\"\/en\/contacto\/\" class=\"button primary\"  style=\"border-radius:99px;\">\n\t\t<span>CONTACT<\/span>\n\t<\/a>\n \t\t<\/div>\n\t\t\t\t\t<\/div>\n\n\t \n\t<div id=\"col-1878316797\" class=\"col medium-9 small-12 large-9\"  >\n\t\t\t\t<div class=\"col-inner\"  >\n\t\t\t\n\t\t\t   <div class=\"banner-grid-wrapper\">\n  <div id=\"banner-grid-393972263\" class=\"banner-grid row row-grid row-small\" data-packery-options=\"\">\n                       <div class=\"col grid-col small-13 large-4 grid-col-2-3\" ><div class=\"col-inner\"> \t<div class=\"img has-hover x md-x lg-x y md-y lg-y\" id=\"image_1749320483\">\n\t\t<a class=\"image-lightbox lightbox-gallery\" title=\"\" href=\"http:\/\/deniareformas.com\/wp-content\/uploads\/2025\/04\/ducha-scaled.jpg\">\t\t\t\t\t\t<div class=\"img-inner dark\" >\n\t\t\t<img loading=\"lazy\" decoding=\"async\" width=\"691\" height=\"1024\" src=\"http:\/\/deniareformas.com\/wp-content\/uploads\/2025\/04\/ducha-691x1024.jpg\" class=\"attachment-large size-large\" alt=\"ducha-reformas-denia\" srcset=\"http:\/\/deniareformas.com\/wp-content\/uploads\/2025\/04\/ducha-691x1024.jpg 691w, http:\/\/deniareformas.com\/wp-content\/uploads\/2025\/04\/ducha-202x300.jpg 202w, http:\/\/deniareformas.com\/wp-content\/uploads\/2025\/04\/ducha-768x1138.jpg 768w, http:\/\/deniareformas.com\/wp-content\/uploads\/2025\/04\/ducha-1036x1536.jpg 1036w, http:\/\/deniareformas.com\/wp-content\/uploads\/2025\/04\/ducha-1382x2048.jpg 1382w, http:\/\/deniareformas.com\/wp-content\/uploads\/2025\/04\/ducha-scaled.jpg 1727w\" sizes=\"auto, (max-width: 691px) 100vw, 691px\" \/>\t\t\t\t\t\t\n\t\t\t\t\t<\/div>\n\t\t\t\t\t\t<\/a>\t\t\n<style>\n#image_1749320483 {\n  width: 100%;\n}\n<\/style>\n\t<\/div>\n\t <\/div><\/div> <div class=\"col grid-col small-14 large-4 grid-col-3-4\" ><div class=\"col-inner\"> \t<div class=\"img has-hover x md-x lg-x y md-y lg-y\" id=\"image_674224084\">\n\t\t<a class=\"image-lightbox lightbox-gallery\" title=\"\" href=\"http:\/\/deniareformas.com\/wp-content\/uploads\/2025\/04\/ducha2.jpg\">\t\t\t\t\t\t<div class=\"img-inner dark\" >\n\t\t\t<img loading=\"lazy\" decoding=\"async\" width=\"683\" height=\"1024\" src=\"http:\/\/deniareformas.com\/wp-content\/uploads\/2025\/04\/ducha2-683x1024.jpg\" class=\"attachment-large size-large\" alt=\"reformas denia ducha\" srcset=\"http:\/\/deniareformas.com\/wp-content\/uploads\/2025\/04\/ducha2-683x1024.jpg 683w, http:\/\/deniareformas.com\/wp-content\/uploads\/2025\/04\/ducha2-200x300.jpg 200w, http:\/\/deniareformas.com\/wp-content\/uploads\/2025\/04\/ducha2-768x1152.jpg 768w, http:\/\/deniareformas.com\/wp-content\/uploads\/2025\/04\/ducha2.jpg 1000w\" sizes=\"auto, (max-width: 683px) 100vw, 683px\" \/>\t\t\t\t\t\t\n\t\t\t\t\t<\/div>\n\t\t\t\t\t\t<\/a>\t\t\n<style>\n#image_674224084 {\n  width: 100%;\n}\n<\/style>\n\t<\/div>\n\t <\/div><\/div> <div class=\"col grid-col small-14 large-3 grid-col-1-2\" ><div class=\"col-inner\"> \t<div class=\"img has-hover x md-x lg-x y md-y lg-y\" id=\"image_2075223789\">\n\t\t<a class=\"image-lightbox lightbox-gallery\" title=\"\" href=\"http:\/\/deniareformas.com\/wp-content\/uploads\/2025\/04\/bano1-scaled.jpg\">\t\t\t\t\t\t<div class=\"img-inner dark\" >\n\t\t\t<img loading=\"lazy\" decoding=\"async\" width=\"2560\" height=\"1707\" src=\"http:\/\/deniareformas.com\/wp-content\/uploads\/2025\/04\/bano1-scaled.jpg\" class=\"attachment-original size-original\" alt=\"ba\u00f1o reformas denia\" srcset=\"http:\/\/deniareformas.com\/wp-content\/uploads\/2025\/04\/bano1-scaled.jpg 2560w, http:\/\/deniareformas.com\/wp-content\/uploads\/2025\/04\/bano1-300x200.jpg 300w, http:\/\/deniareformas.com\/wp-content\/uploads\/2025\/04\/bano1-1024x683.jpg 1024w, http:\/\/deniareformas.com\/wp-content\/uploads\/2025\/04\/bano1-768x512.jpg 768w, http:\/\/deniareformas.com\/wp-content\/uploads\/2025\/04\/bano1-1536x1024.jpg 1536w, http:\/\/deniareformas.com\/wp-content\/uploads\/2025\/04\/bano1-2048x1365.jpg 2048w\" sizes=\"auto, (max-width: 2560px) 100vw, 2560px\" \/>\t\t\t\t\t\t\n\t\t\t\t\t<\/div>\n\t\t\t\t\t\t<\/a>\t\t\n<style>\n#image_2075223789 {\n  width: 100%;\n}\n<\/style>\n\t<\/div>\n\t <\/div><\/div> <div class=\"col grid-col small-13 large-3 grid-col-2-3\" ><div class=\"col-inner\"> \t<div class=\"img has-hover x md-x lg-x y md-y lg-y\" id=\"image_377784613\">\n\t\t\t\t\t\t\t\t<div class=\"img-inner dark\" >\n\t\t\t<img loading=\"lazy\" decoding=\"async\" width=\"1020\" height=\"1020\" src=\"http:\/\/deniareformas.com\/wp-content\/uploads\/2025\/04\/banio3-1024x1024.jpg\" class=\"attachment-large size-large\" alt=\"Reformas de ba\u00f1o en D\u00e9nia\" srcset=\"http:\/\/deniareformas.com\/wp-content\/uploads\/2025\/04\/banio3-1024x1024.jpg 1024w, http:\/\/deniareformas.com\/wp-content\/uploads\/2025\/04\/banio3-300x300.jpg 300w, http:\/\/deniareformas.com\/wp-content\/uploads\/2025\/04\/banio3-150x150.jpg 150w, http:\/\/deniareformas.com\/wp-content\/uploads\/2025\/04\/banio3-768x768.jpg 768w, http:\/\/deniareformas.com\/wp-content\/uploads\/2025\/04\/banio3.jpg 1500w\" sizes=\"auto, (max-width: 1020px) 100vw, 1020px\" \/>\t\t\t\t\t\t\n\t\t\t\t\t<\/div>\n\t\t\t\t\t\t\t\t\n<style>\n#image_377784613 {\n  width: 100%;\n}\n<\/style>\n\t<\/div>\n\t <\/div><\/div>             <\/div>\n    <style>\n    #banner-grid-393972263 .grid-col-1{height: 600px}\n    #banner-grid-393972263 .grid-col-1-2{height: 300px}\n    #banner-grid-393972263 .grid-col-1-3{height:200px}\n    #banner-grid-393972263 .grid-col-2-3{height: 400px}\n    #banner-grid-393972263 .grid-col-1-4{height: 150px}\n    #banner-grid-393972263 .grid-col-3-4{height: 450px}\n\n\n    \n    \n\n  <\/style>\n    <\/div>\n   \t\t<\/div>\n\t\t\t\t\t<\/div>\n\n\t <\/div>","protected":false},"excerpt":{"rendered":"","protected":false},"author":1,"featured_media":0,"parent":0,"menu_order":0,"comment_status":"closed","ping_status":"closed","template":"","meta":{"_joinchat":[],"footnotes":""},"class_list":["post-31","page","type-page","status-publish","hentry"],"yoast_head":"<!-- This site is optimized with the Yoast SEO plugin v26.8 - https:\/\/yoast.com\/product\/yoast-seo-wordpress\/ -->\n<title>REFORMAS DE BA\u00d1O - DENIA REFORMAS<\/title>\n<meta name=\"description\" content=\"En Reformas D\u00e9nia, transformamos tu ba\u00f1o en un espacio moderno, funcional y adaptado a tus necesidades. Desde dise\u00f1o hasta ejecuci\u00f3n, garantizamos acabados impecables y materiales de primera calidad.\" \/>\n<meta name=\"robots\" content=\"index, follow, max-snippet:-1, max-image-preview:large, max-video-preview:-1\" \/>\n<link rel=\"canonical\" href=\"http:\/\/deniareformas.com\/en\/reformas-de-bano\/\" \/>\n<meta property=\"og:locale\" content=\"en_US\" \/>\n<meta property=\"og:type\" content=\"article\" \/>\n<meta property=\"og:title\" content=\"REFORMAS DE BA\u00d1O - DENIA REFORMAS\" \/>\n<meta property=\"og:description\" content=\"En Reformas D\u00e9nia, transformamos tu ba\u00f1o en un espacio moderno, funcional y adaptado a tus necesidades. Desde dise\u00f1o hasta ejecuci\u00f3n, garantizamos acabados impecables y materiales de primera calidad.\" \/>\n<meta property=\"og:url\" content=\"http:\/\/deniareformas.com\/en\/reformas-de-bano\/\" \/>\n<meta property=\"og:site_name\" content=\"DENIA REFORMAS\" \/>\n<meta property=\"article:publisher\" content=\"https:\/\/www.facebook.com\/profile.php?id=61574928158369\" \/>\n<meta property=\"article:modified_time\" content=\"2025-04-10T08:54:19+00:00\" \/>\n<meta name=\"twitter:card\" content=\"summary_large_image\" \/>\n<meta name=\"twitter:label1\" content=\"Est. reading time\" \/>\n\t<meta name=\"twitter:data1\" content=\"1 minute\" \/>\n<script type=\"application\/ld+json\" class=\"yoast-schema-graph\">{\"@context\":\"https:\/\/schema.org\",\"@graph\":[{\"@type\":\"WebPage\",\"@id\":\"http:\/\/deniareformas.com\/reformas-de-bano\/\",\"url\":\"http:\/\/deniareformas.com\/reformas-de-bano\/\",\"name\":\"REFORMAS DE BA\u00d1O - DENIA REFORMAS\",\"isPartOf\":{\"@id\":\"http:\/\/deniareformas.com\/#website\"},\"datePublished\":\"2025-04-05T13:44:49+00:00\",\"dateModified\":\"2025-04-10T08:54:19+00:00\",\"description\":\"En Reformas D\u00e9nia, transformamos tu ba\u00f1o en un espacio moderno, funcional y adaptado a tus necesidades. Desde dise\u00f1o hasta ejecuci\u00f3n, garantizamos acabados impecables y materiales de primera calidad.\",\"breadcrumb\":{\"@id\":\"http:\/\/deniareformas.com\/reformas-de-bano\/#breadcrumb\"},\"inLanguage\":\"en-US\",\"potentialAction\":[{\"@type\":\"ReadAction\",\"target\":[\"http:\/\/deniareformas.com\/reformas-de-bano\/\"]}]},{\"@type\":\"BreadcrumbList\",\"@id\":\"http:\/\/deniareformas.com\/reformas-de-bano\/#breadcrumb\",\"itemListElement\":[{\"@type\":\"ListItem\",\"position\":1,\"name\":\"Portada\",\"item\":\"http:\/\/deniareformas.com\/\"},{\"@type\":\"ListItem\",\"position\":2,\"name\":\"REFORMAS DE BA\u00d1O\"}]},{\"@type\":\"WebSite\",\"@id\":\"http:\/\/deniareformas.com\/#website\",\"url\":\"http:\/\/deniareformas.com\/\",\"name\":\"DENIA REFORMAS\",\"description\":\"S&oacute;lo otro sitio de WordPress\",\"publisher\":{\"@id\":\"http:\/\/deniareformas.com\/#organization\"},\"potentialAction\":[{\"@type\":\"SearchAction\",\"target\":{\"@type\":\"EntryPoint\",\"urlTemplate\":\"http:\/\/deniareformas.com\/?s={search_term_string}\"},\"query-input\":{\"@type\":\"PropertyValueSpecification\",\"valueRequired\":true,\"valueName\":\"search_term_string\"}}],\"inLanguage\":\"en-US\"},{\"@type\":\"Organization\",\"@id\":\"http:\/\/deniareformas.com\/#organization\",\"name\":\"REFORMAS D\u00c9NIA\",\"url\":\"http:\/\/deniareformas.com\/\",\"logo\":{\"@type\":\"ImageObject\",\"inLanguage\":\"en-US\",\"@id\":\"http:\/\/deniareformas.com\/#\/schema\/logo\/image\/\",\"url\":\"http:\/\/deniareformas.com\/wp-content\/uploads\/2025\/03\/logo-3-1.jpg\",\"contentUrl\":\"http:\/\/deniareformas.com\/wp-content\/uploads\/2025\/03\/logo-3-1.jpg\",\"width\":560,\"height\":470,\"caption\":\"REFORMAS D\u00c9NIA\"},\"image\":{\"@id\":\"http:\/\/deniareformas.com\/#\/schema\/logo\/image\/\"},\"sameAs\":[\"https:\/\/www.facebook.com\/profile.php?id=61574928158369\"]}]}<\/script>\n<!-- \/ Yoast SEO plugin. -->","yoast_head_json":{"title":"REFORMAS DE BA\u00d1O - DENIA REFORMAS","description":"En Reformas D\u00e9nia, transformamos tu ba\u00f1o en un espacio moderno, funcional y adaptado a tus necesidades. Desde dise\u00f1o hasta ejecuci\u00f3n, garantizamos acabados impecables y materiales de primera calidad.","robots":{"index":"index","follow":"follow","max-snippet":"max-snippet:-1","max-image-preview":"max-image-preview:large","max-video-preview":"max-video-preview:-1"},"canonical":"http:\/\/deniareformas.com\/en\/reformas-de-bano\/","og_locale":"en_US","og_type":"article","og_title":"REFORMAS DE BA\u00d1O - DENIA REFORMAS","og_description":"En Reformas D\u00e9nia, transformamos tu ba\u00f1o en un espacio moderno, funcional y adaptado a tus necesidades. Desde dise\u00f1o hasta ejecuci\u00f3n, garantizamos acabados impecables y materiales de primera calidad.","og_url":"http:\/\/deniareformas.com\/en\/reformas-de-bano\/","og_site_name":"DENIA REFORMAS","article_publisher":"https:\/\/www.facebook.com\/profile.php?id=61574928158369","article_modified_time":"2025-04-10T08:54:19+00:00","twitter_card":"summary_large_image","twitter_misc":{"Est. reading time":"1 minute"},"schema":{"@context":"https:\/\/schema.org","@graph":[{"@type":"WebPage","@id":"http:\/\/deniareformas.com\/reformas-de-bano\/","url":"http:\/\/deniareformas.com\/reformas-de-bano\/","name":"REFORMAS DE BA\u00d1O - DENIA REFORMAS","isPartOf":{"@id":"http:\/\/deniareformas.com\/#website"},"datePublished":"2025-04-05T13:44:49+00:00","dateModified":"2025-04-10T08:54:19+00:00","description":"En Reformas D\u00e9nia, transformamos tu ba\u00f1o en un espacio moderno, funcional y adaptado a tus necesidades. Desde dise\u00f1o hasta ejecuci\u00f3n, garantizamos acabados impecables y materiales de primera calidad.","breadcrumb":{"@id":"http:\/\/deniareformas.com\/reformas-de-bano\/#breadcrumb"},"inLanguage":"en-US","potentialAction":[{"@type":"ReadAction","target":["http:\/\/deniareformas.com\/reformas-de-bano\/"]}]},{"@type":"BreadcrumbList","@id":"http:\/\/deniareformas.com\/reformas-de-bano\/#breadcrumb","itemListElement":[{"@type":"ListItem","position":1,"name":"Portada","item":"http:\/\/deniareformas.com\/"},{"@type":"ListItem","position":2,"name":"REFORMAS DE BA\u00d1O"}]},{"@type":"WebSite","@id":"http:\/\/deniareformas.com\/#website","url":"http:\/\/deniareformas.com\/","name":"DENIA REFORMAS","description":"S&oacute;lo otro sitio de WordPress","publisher":{"@id":"http:\/\/deniareformas.com\/#organization"},"potentialAction":[{"@type":"SearchAction","target":{"@type":"EntryPoint","urlTemplate":"http:\/\/deniareformas.com\/?s={search_term_string}"},"query-input":{"@type":"PropertyValueSpecification","valueRequired":true,"valueName":"search_term_string"}}],"inLanguage":"en-US"},{"@type":"Organization","@id":"http:\/\/deniareformas.com\/#organization","name":"REFORMAS D\u00c9NIA","url":"http:\/\/deniareformas.com\/","logo":{"@type":"ImageObject","inLanguage":"en-US","@id":"http:\/\/deniareformas.com\/#\/schema\/logo\/image\/","url":"http:\/\/deniareformas.com\/wp-content\/uploads\/2025\/03\/logo-3-1.jpg","contentUrl":"http:\/\/deniareformas.com\/wp-content\/uploads\/2025\/03\/logo-3-1.jpg","width":560,"height":470,"caption":"REFORMAS D\u00c9NIA"},"image":{"@id":"http:\/\/deniareformas.com\/#\/schema\/logo\/image\/"},"sameAs":["https:\/\/www.facebook.com\/profile.php?id=61574928158369"]}]}},"_links":{"self":[{"href":"http:\/\/deniareformas.com\/en\/wp-json\/wp\/v2\/pages\/31","targetHints":{"allow":["GET"]}}],"collection":[{"href":"http:\/\/deniareformas.com\/en\/wp-json\/wp\/v2\/pages"}],"about":[{"href":"http:\/\/deniareformas.com\/en\/wp-json\/wp\/v2\/types\/page"}],"author":[{"embeddable":true,"href":"http:\/\/deniareformas.com\/en\/wp-json\/wp\/v2\/users\/1"}],"replies":[{"embeddable":true,"href":"http:\/\/deniareformas.com\/en\/wp-json\/wp\/v2\/comments?post=31"}],"version-history":[{"count":4,"href":"http:\/\/deniareformas.com\/en\/wp-json\/wp\/v2\/pages\/31\/revisions"}],"predecessor-version":[{"id":140,"href":"http:\/\/deniareformas.com\/en\/wp-json\/wp\/v2\/pages\/31\/revisions\/140"}],"wp:attachment":[{"href":"http:\/\/deniareformas.com\/en\/wp-json\/wp\/v2\/media?parent=31"}],"curies":[{"name":"wp","href":"https:\/\/api.w.org\/{rel}","templated":true}]}}