{"id":38,"date":"2025-04-05T13:58:54","date_gmt":"2025-04-05T13:58:54","guid":{"rendered":"https:\/\/deniareformas.com\/?page_id=38"},"modified":"2025-04-10T08:54:51","modified_gmt":"2025-04-10T08:54:51","slug":"suelos","status":"publish","type":"page","link":"http:\/\/deniareformas.com\/en\/suelos\/","title":{"rendered":"FLOORING"},"content":{"rendered":"<div id=\"page-header-1694136976\" class=\"page-header-wrapper\">\n  <div class=\"page-title light divided-title\">\n\n    \n    <div class=\"page-title-inner container align-center text-center flex-row-col medium-flex-wrap\" >\n              <div class=\"title-wrapper flex-col\">\n          <h1 class=\"entry-title mb-0\">\n            FLOORING          <\/h1>\n        <\/div>\n                    <div class=\"title-content flex-col\">\n        <div class=\"title-breadcrumbs pb-half pt-half\"><\/div>      <\/div>\n    <\/div>\n\n       <\/div>\n  <div class=\"container header-wrapper-divider\"><hr\/><\/div>  <\/div>\n   <div class=\"row\"  id=\"row-227436463\"> \n\t<div id=\"col-442222078\" class=\"col medium-3 small-12 large-3\"  >\n\t\t\t\t<div class=\"col-inner\"  >\n\t\t\t\n\t\t\t\r\n<p><strong>Floor renovations in D\u00e9nia: quality and design at your feet.<\/strong> At Reformas D\u00e9nia, we are experts in the installation of laminate flooring, tiles, ceramic tiles, and more. We transform your spaces with impeccable finishes and durable materials that combine style and functionality. Refresh your home from the ground up. Contact us and take the first step towards the change you deserve!<\/p>\r\n<a href=\"\/en\/contacto\/\" class=\"button primary\"  style=\"border-radius:99px;\">\n\t\t<span>CONTACT<\/span>\n\t<\/a>\n \t\t<\/div>\n\t\t\t\t\t<\/div>\n\n\t \n\t<div id=\"col-872932351\" class=\"col medium-9 small-12 large-9\"  >\n\t\t\t\t<div class=\"col-inner\"  >\n\t\t\t\n\t\t\t   <div class=\"banner-grid-wrapper\">\n  <div id=\"banner-grid-1696051653\" class=\"banner-grid row row-grid row-small\" data-packery-options=\"\">\n                       <div class=\"col grid-col small-12 large-6 grid-col-3-4\" ><div class=\"col-inner\"> \t<div class=\"img has-hover x md-x lg-x y md-y lg-y\" id=\"image_1173971109\">\n\t\t<a class=\"image-lightbox lightbox-gallery\" title=\"\" href=\"http:\/\/deniareformas.com\/wp-content\/uploads\/2025\/04\/suelo2-1024x682.jpg\">\t\t\t\t\t\t<div class=\"img-inner dark\" >\n\t\t\t<img loading=\"lazy\" decoding=\"async\" width=\"2000\" height=\"1333\" src=\"http:\/\/deniareformas.com\/wp-content\/uploads\/2025\/04\/suelo2.jpg\" class=\"attachment-original size-original\" alt=\"Renovar suelos en D\u00e9nia\" srcset=\"http:\/\/deniareformas.com\/wp-content\/uploads\/2025\/04\/suelo2.jpg 2000w, http:\/\/deniareformas.com\/wp-content\/uploads\/2025\/04\/suelo2-300x200.jpg 300w, http:\/\/deniareformas.com\/wp-content\/uploads\/2025\/04\/suelo2-1024x682.jpg 1024w, http:\/\/deniareformas.com\/wp-content\/uploads\/2025\/04\/suelo2-768x512.jpg 768w, http:\/\/deniareformas.com\/wp-content\/uploads\/2025\/04\/suelo2-1536x1024.jpg 1536w\" sizes=\"auto, (max-width: 2000px) 100vw, 2000px\" \/>\t\t\t\t\t\t\n\t\t\t\t\t<\/div>\n\t\t\t\t\t\t<\/a>\t\t\n<style>\n#image_1173971109 {\n  width: 100%;\n}\n<\/style>\n\t<\/div>\n\t <\/div><\/div> <div class=\"col grid-col small-12 large-6 grid-col-3-4\" ><div class=\"col-inner\"> \t<div class=\"img has-hover x md-x lg-x y md-y lg-y\" id=\"image_2002518765\">\n\t\t<a class=\"image-lightbox lightbox-gallery\" title=\"\" href=\"http:\/\/deniareformas.com\/wp-content\/uploads\/2025\/04\/suelo1-1024x615.jpg\">\t\t\t\t\t\t<div class=\"img-inner dark\" >\n\t\t\t<img loading=\"lazy\" decoding=\"async\" width=\"2560\" height=\"1537\" src=\"http:\/\/deniareformas.com\/wp-content\/uploads\/2025\/04\/suelo1-scaled.jpg\" class=\"attachment-original size-original\" alt=\"Suelo laminado Reformas D\u00e9nia\" srcset=\"http:\/\/deniareformas.com\/wp-content\/uploads\/2025\/04\/suelo1-scaled.jpg 2560w, http:\/\/deniareformas.com\/wp-content\/uploads\/2025\/04\/suelo1-300x180.jpg 300w, http:\/\/deniareformas.com\/wp-content\/uploads\/2025\/04\/suelo1-1024x615.jpg 1024w, http:\/\/deniareformas.com\/wp-content\/uploads\/2025\/04\/suelo1-768x461.jpg 768w, http:\/\/deniareformas.com\/wp-content\/uploads\/2025\/04\/suelo1-1536x922.jpg 1536w, http:\/\/deniareformas.com\/wp-content\/uploads\/2025\/04\/suelo1-2048x1230.jpg 2048w\" sizes=\"auto, (max-width: 2560px) 100vw, 2560px\" \/>\t\t\t\t\t\t\n\t\t\t\t\t<\/div>\n\t\t\t\t\t\t<\/a>\t\t\n<style>\n#image_2002518765 {\n  width: 100%;\n}\n<\/style>\n\t<\/div>\n\t <\/div><\/div> <div class=\"col grid-col large-12 grid-col-1-2\" ><div class=\"col-inner\"> \t<div class=\"img has-hover x md-x lg-x y md-y lg-y\" id=\"image_280081609\">\n\t\t<a class=\"image-lightbox lightbox-gallery\" title=\"\" href=\"http:\/\/deniareformas.com\/wp-content\/uploads\/2025\/04\/suelo4-1024x662.jpg\">\t\t\t\t\t\t<div class=\"img-inner image-cover dark\" style=\"padding-top:56.25%;\">\n\t\t\t<img loading=\"lazy\" decoding=\"async\" width=\"1020\" height=\"659\" src=\"http:\/\/deniareformas.com\/wp-content\/uploads\/2025\/04\/suelo4-1024x662.jpg\" class=\"attachment-large size-large\" alt=\"Reformas de suelo en Denia\" srcset=\"http:\/\/deniareformas.com\/wp-content\/uploads\/2025\/04\/suelo4-1024x662.jpg 1024w, http:\/\/deniareformas.com\/wp-content\/uploads\/2025\/04\/suelo4-300x194.jpg 300w, http:\/\/deniareformas.com\/wp-content\/uploads\/2025\/04\/suelo4-768x496.jpg 768w, http:\/\/deniareformas.com\/wp-content\/uploads\/2025\/04\/suelo4.jpg 1500w\" sizes=\"auto, (max-width: 1020px) 100vw, 1020px\" \/>\t\t\t\t\t\t\n\t\t\t\t\t<\/div>\n\t\t\t\t\t\t<\/a>\t\t\n<style>\n#image_280081609 {\n  width: 100%;\n}\n<\/style>\n\t<\/div>\n\t <\/div><\/div>             <\/div>\n    <style>\n    #banner-grid-1696051653 .grid-col-1{height: 600px}\n    #banner-grid-1696051653 .grid-col-1-2{height: 300px}\n    #banner-grid-1696051653 .grid-col-1-3{height:200px}\n    #banner-grid-1696051653 .grid-col-2-3{height: 400px}\n    #banner-grid-1696051653 .grid-col-1-4{height: 150px}\n    #banner-grid-1696051653 .grid-col-3-4{height: 450px}\n\n\n    \n    \n\n  <\/style>\n    <\/div>\n   \t\t<\/div>\n\t\t\t\t\t<\/div>\n\n\t <\/div>","protected":false},"excerpt":{"rendered":"","protected":false},"author":1,"featured_media":0,"parent":0,"menu_order":0,"comment_status":"closed","ping_status":"closed","template":"","meta":{"_joinchat":[],"footnotes":""},"class_list":["post-38","page","type-page","status-publish","hentry"],"yoast_head":"<!-- This site is optimized with the Yoast SEO plugin v26.8 - https:\/\/yoast.com\/product\/yoast-seo-wordpress\/ -->\n<title>SUELOS - DENIA REFORMAS<\/title>\n<meta name=\"description\" content=\"En Reformas D\u00e9nia somos expertos en la instalaci\u00f3n de suelos laminados, baldosas, gres y m\u00e1s. Transformamos tus espacios con acabados impecables y materiales duraderos que combinan estilo y funcionalidad.\" \/>\n<meta name=\"robots\" content=\"index, follow, max-snippet:-1, max-image-preview:large, max-video-preview:-1\" \/>\n<link rel=\"canonical\" href=\"https:\/\/deniareformas.com\/en\/suelos\/\" \/>\n<meta property=\"og:locale\" content=\"en_US\" \/>\n<meta property=\"og:type\" content=\"article\" \/>\n<meta property=\"og:title\" content=\"SUELOS - DENIA REFORMAS\" \/>\n<meta property=\"og:description\" content=\"En Reformas D\u00e9nia somos expertos en la instalaci\u00f3n de suelos laminados, baldosas, gres y m\u00e1s. Transformamos tus espacios con acabados impecables y materiales duraderos que combinan estilo y funcionalidad.\" \/>\n<meta property=\"og:url\" content=\"https:\/\/deniareformas.com\/en\/suelos\/\" \/>\n<meta property=\"og:site_name\" content=\"DENIA REFORMAS\" \/>\n<meta property=\"article:publisher\" content=\"https:\/\/www.facebook.com\/profile.php?id=61574928158369\" \/>\n<meta property=\"article:modified_time\" content=\"2025-04-10T08:54:51+00:00\" \/>\n<meta name=\"twitter:card\" content=\"summary_large_image\" \/>\n<meta name=\"twitter:label1\" content=\"Est. reading time\" \/>\n\t<meta name=\"twitter:data1\" content=\"1 minute\" \/>\n<script type=\"application\/ld+json\" class=\"yoast-schema-graph\">{\"@context\":\"https:\/\/schema.org\",\"@graph\":[{\"@type\":\"WebPage\",\"@id\":\"https:\/\/deniareformas.com\/suelos\/\",\"url\":\"https:\/\/deniareformas.com\/suelos\/\",\"name\":\"SUELOS - DENIA REFORMAS\",\"isPartOf\":{\"@id\":\"http:\/\/deniareformas.com\/#website\"},\"datePublished\":\"2025-04-05T13:58:54+00:00\",\"dateModified\":\"2025-04-10T08:54:51+00:00\",\"description\":\"En Reformas D\u00e9nia somos expertos en la instalaci\u00f3n de suelos laminados, baldosas, gres y m\u00e1s. Transformamos tus espacios con acabados impecables y materiales duraderos que combinan estilo y funcionalidad.\",\"breadcrumb\":{\"@id\":\"https:\/\/deniareformas.com\/suelos\/#breadcrumb\"},\"inLanguage\":\"en-US\",\"potentialAction\":[{\"@type\":\"ReadAction\",\"target\":[\"https:\/\/deniareformas.com\/suelos\/\"]}]},{\"@type\":\"BreadcrumbList\",\"@id\":\"https:\/\/deniareformas.com\/suelos\/#breadcrumb\",\"itemListElement\":[{\"@type\":\"ListItem\",\"position\":1,\"name\":\"Portada\",\"item\":\"http:\/\/deniareformas.com\/\"},{\"@type\":\"ListItem\",\"position\":2,\"name\":\"SUELOS\"}]},{\"@type\":\"WebSite\",\"@id\":\"http:\/\/deniareformas.com\/#website\",\"url\":\"http:\/\/deniareformas.com\/\",\"name\":\"DENIA REFORMAS\",\"description\":\"S&oacute;lo otro sitio de WordPress\",\"publisher\":{\"@id\":\"http:\/\/deniareformas.com\/#organization\"},\"potentialAction\":[{\"@type\":\"SearchAction\",\"target\":{\"@type\":\"EntryPoint\",\"urlTemplate\":\"http:\/\/deniareformas.com\/?s={search_term_string}\"},\"query-input\":{\"@type\":\"PropertyValueSpecification\",\"valueRequired\":true,\"valueName\":\"search_term_string\"}}],\"inLanguage\":\"en-US\"},{\"@type\":\"Organization\",\"@id\":\"http:\/\/deniareformas.com\/#organization\",\"name\":\"REFORMAS D\u00c9NIA\",\"url\":\"http:\/\/deniareformas.com\/\",\"logo\":{\"@type\":\"ImageObject\",\"inLanguage\":\"en-US\",\"@id\":\"http:\/\/deniareformas.com\/#\/schema\/logo\/image\/\",\"url\":\"http:\/\/deniareformas.com\/wp-content\/uploads\/2025\/03\/logo-3-1.jpg\",\"contentUrl\":\"http:\/\/deniareformas.com\/wp-content\/uploads\/2025\/03\/logo-3-1.jpg\",\"width\":560,\"height\":470,\"caption\":\"REFORMAS D\u00c9NIA\"},\"image\":{\"@id\":\"http:\/\/deniareformas.com\/#\/schema\/logo\/image\/\"},\"sameAs\":[\"https:\/\/www.facebook.com\/profile.php?id=61574928158369\"]}]}<\/script>\n<!-- \/ Yoast SEO plugin. -->","yoast_head_json":{"title":"SUELOS - DENIA REFORMAS","description":"En Reformas D\u00e9nia somos expertos en la instalaci\u00f3n de suelos laminados, baldosas, gres y m\u00e1s. Transformamos tus espacios con acabados impecables y materiales duraderos que combinan estilo y funcionalidad.","robots":{"index":"index","follow":"follow","max-snippet":"max-snippet:-1","max-image-preview":"max-image-preview:large","max-video-preview":"max-video-preview:-1"},"canonical":"https:\/\/deniareformas.com\/en\/suelos\/","og_locale":"en_US","og_type":"article","og_title":"SUELOS - DENIA REFORMAS","og_description":"En Reformas D\u00e9nia somos expertos en la instalaci\u00f3n de suelos laminados, baldosas, gres y m\u00e1s. Transformamos tus espacios con acabados impecables y materiales duraderos que combinan estilo y funcionalidad.","og_url":"https:\/\/deniareformas.com\/en\/suelos\/","og_site_name":"DENIA REFORMAS","article_publisher":"https:\/\/www.facebook.com\/profile.php?id=61574928158369","article_modified_time":"2025-04-10T08:54:51+00:00","twitter_card":"summary_large_image","twitter_misc":{"Est. reading time":"1 minute"},"schema":{"@context":"https:\/\/schema.org","@graph":[{"@type":"WebPage","@id":"https:\/\/deniareformas.com\/suelos\/","url":"https:\/\/deniareformas.com\/suelos\/","name":"SUELOS - DENIA REFORMAS","isPartOf":{"@id":"http:\/\/deniareformas.com\/#website"},"datePublished":"2025-04-05T13:58:54+00:00","dateModified":"2025-04-10T08:54:51+00:00","description":"En Reformas D\u00e9nia somos expertos en la instalaci\u00f3n de suelos laminados, baldosas, gres y m\u00e1s. Transformamos tus espacios con acabados impecables y materiales duraderos que combinan estilo y funcionalidad.","breadcrumb":{"@id":"https:\/\/deniareformas.com\/suelos\/#breadcrumb"},"inLanguage":"en-US","potentialAction":[{"@type":"ReadAction","target":["https:\/\/deniareformas.com\/suelos\/"]}]},{"@type":"BreadcrumbList","@id":"https:\/\/deniareformas.com\/suelos\/#breadcrumb","itemListElement":[{"@type":"ListItem","position":1,"name":"Portada","item":"http:\/\/deniareformas.com\/"},{"@type":"ListItem","position":2,"name":"SUELOS"}]},{"@type":"WebSite","@id":"http:\/\/deniareformas.com\/#website","url":"http:\/\/deniareformas.com\/","name":"DENIA REFORMAS","description":"S&oacute;lo otro sitio de WordPress","publisher":{"@id":"http:\/\/deniareformas.com\/#organization"},"potentialAction":[{"@type":"SearchAction","target":{"@type":"EntryPoint","urlTemplate":"http:\/\/deniareformas.com\/?s={search_term_string}"},"query-input":{"@type":"PropertyValueSpecification","valueRequired":true,"valueName":"search_term_string"}}],"inLanguage":"en-US"},{"@type":"Organization","@id":"http:\/\/deniareformas.com\/#organization","name":"REFORMAS D\u00c9NIA","url":"http:\/\/deniareformas.com\/","logo":{"@type":"ImageObject","inLanguage":"en-US","@id":"http:\/\/deniareformas.com\/#\/schema\/logo\/image\/","url":"http:\/\/deniareformas.com\/wp-content\/uploads\/2025\/03\/logo-3-1.jpg","contentUrl":"http:\/\/deniareformas.com\/wp-content\/uploads\/2025\/03\/logo-3-1.jpg","width":560,"height":470,"caption":"REFORMAS D\u00c9NIA"},"image":{"@id":"http:\/\/deniareformas.com\/#\/schema\/logo\/image\/"},"sameAs":["https:\/\/www.facebook.com\/profile.php?id=61574928158369"]}]}},"_links":{"self":[{"href":"http:\/\/deniareformas.com\/en\/wp-json\/wp\/v2\/pages\/38","targetHints":{"allow":["GET"]}}],"collection":[{"href":"http:\/\/deniareformas.com\/en\/wp-json\/wp\/v2\/pages"}],"about":[{"href":"http:\/\/deniareformas.com\/en\/wp-json\/wp\/v2\/types\/page"}],"author":[{"embeddable":true,"href":"http:\/\/deniareformas.com\/en\/wp-json\/wp\/v2\/users\/1"}],"replies":[{"embeddable":true,"href":"http:\/\/deniareformas.com\/en\/wp-json\/wp\/v2\/comments?post=38"}],"version-history":[{"count":4,"href":"http:\/\/deniareformas.com\/en\/wp-json\/wp\/v2\/pages\/38\/revisions"}],"predecessor-version":[{"id":141,"href":"http:\/\/deniareformas.com\/en\/wp-json\/wp\/v2\/pages\/38\/revisions\/141"}],"wp:attachment":[{"href":"http:\/\/deniareformas.com\/en\/wp-json\/wp\/v2\/media?parent=38"}],"curies":[{"name":"wp","href":"https:\/\/api.w.org\/{rel}","templated":true}]}}