{"id":60,"date":"2025-04-05T15:13:23","date_gmt":"2025-04-05T15:13:23","guid":{"rendered":"https:\/\/deniareformas.com\/?page_id=60"},"modified":"2025-04-10T08:48:40","modified_gmt":"2025-04-10T08:48:40","slug":"fontaneria","status":"publish","type":"page","link":"http:\/\/deniareformas.com\/en\/fontaneria\/","title":{"rendered":"PLUMBING"},"content":{"rendered":"<div id=\"page-header-1685425717\" class=\"page-header-wrapper\">\n  <div class=\"page-title light divided-title\">\n\n    \n    <div class=\"page-title-inner container align-center text-center flex-row-col medium-flex-wrap\" >\n              <div class=\"title-wrapper flex-col\">\n          <h1 class=\"entry-title mb-0\">\n            PLUMBING          <\/h1>\n        <\/div>\n                    <div class=\"title-content flex-col\">\n        <div class=\"title-breadcrumbs pb-half pt-half\"><\/div>      <\/div>\n    <\/div>\n\n       <\/div>\n  <div class=\"container header-wrapper-divider\"><hr\/><\/div>  <\/div>\n   <div class=\"row\"  id=\"row-558417518\"> \n\t<div id=\"col-1480408389\" class=\"col medium-3 small-12 large-3\"  >\n\t\t\t\t<div class=\"col-inner\"  >\n\t\t\t\n\t\t\t\r\n<p data-sourcepos=\"5:3-5:37\"><strong>Professional Plumbing in D\u00e9nia<\/strong><\/p>\r\n<p data-sourcepos=\"7:3-7:218\">At Reformas D\u00e9nia, we are your plumbing specialists for all your needs. We offer a comprehensive service that covers everything from <strong>urgent breakdown repair<\/strong> until the <strong>complete installation in new construction<\/strong>.<\/p>\r\n<p data-sourcepos=\"9:3-9:30\">Our services include:<\/p>\r\n<ul data-sourcepos=\"11:3-16:1\">\r\n<li data-sourcepos=\"11:3-11:94\"><strong>Repairing breakdowns:<\/strong> Leaks, blockages, burst pipes, cisterns, taps and more<\/li>\r\n<li data-sourcepos=\"12:3-12:109\"><strong>Plumbing installations for new construction:<\/strong> Design and installation of efficient and durable systems.<\/li>\r\n<li data-sourcepos=\"13:3-13:79\"><strong>Drains:<\/strong> Installation, cleaning and maintenance of drainage systems.<\/li>\r\n<li data-sourcepos=\"14:3-14:103\"><strong>Decorative fountains:<\/strong> Dise\u00f1o e instalaci\u00f3n de fuentes personalizadas para embellecer tu espacio.<\/li>\r\n<li data-sourcepos=\"15:3-16:1\"><strong>Preventive maintenance:<\/strong> To avoid future problems and ensure the proper functioning of your facilities.<\/li>\r\n<\/ul>\r\n<p data-sourcepos=\"17:3-17:151\">Trust the experience and professionalism of Reformas D\u00e9nia for your plumbing projects. Contact us and request a free, no-obligation quote!<\/p>\r\n<a href=\"\/en\/contacto\/\" class=\"button primary\"  style=\"border-radius:99px;\">\n\t\t<span>CONTACT<\/span>\n\t<\/a>\n \t\t<\/div>\n\t\t\t\t\t<\/div>\n\n\t \n\t<div id=\"col-1514256708\" class=\"col medium-9 small-12 large-9\"  >\n\t\t\t\t<div class=\"col-inner\"  >\n\t\t\t\n\t\t\t   <div class=\"banner-grid-wrapper\">\n  <div id=\"banner-grid-67954190\" class=\"banner-grid row row-grid row-small\" data-packery-options=\"\">\n                       <div class=\"col grid-col small-13 large-4 grid-col-1-3\" ><div class=\"col-inner\"> \t<div class=\"img has-hover x md-x lg-x y md-y lg-y\" id=\"image_1961046403\">\n\t\t<a class=\"image-lightbox lightbox-gallery\" title=\"\" href=\"http:\/\/deniareformas.com\/wp-content\/uploads\/2025\/04\/plumbing-professional-doing-his-job-scaled.jpg\">\t\t\t\t\t\t<div class=\"img-inner dark\" >\n\t\t\t<img loading=\"lazy\" decoding=\"async\" width=\"2560\" height=\"1707\" src=\"http:\/\/deniareformas.com\/wp-content\/uploads\/2025\/04\/plumbing-professional-doing-his-job-scaled.jpg\" class=\"attachment-original size-original\" alt=\"Instalaciones de fontaner\u00eda y reparaci\u00f3n de aver\u00edas en D\u00e9nia y alrededores\" srcset=\"http:\/\/deniareformas.com\/wp-content\/uploads\/2025\/04\/plumbing-professional-doing-his-job-scaled.jpg 2560w, http:\/\/deniareformas.com\/wp-content\/uploads\/2025\/04\/plumbing-professional-doing-his-job-300x200.jpg 300w, http:\/\/deniareformas.com\/wp-content\/uploads\/2025\/04\/plumbing-professional-doing-his-job-1024x683.jpg 1024w, http:\/\/deniareformas.com\/wp-content\/uploads\/2025\/04\/plumbing-professional-doing-his-job-768x512.jpg 768w, http:\/\/deniareformas.com\/wp-content\/uploads\/2025\/04\/plumbing-professional-doing-his-job-1536x1024.jpg 1536w, http:\/\/deniareformas.com\/wp-content\/uploads\/2025\/04\/plumbing-professional-doing-his-job-2048x1365.jpg 2048w\" sizes=\"auto, (max-width: 2560px) 100vw, 2560px\" \/>\t\t\t\t\t\t\n\t\t\t\t\t<\/div>\n\t\t\t\t\t\t<\/a>\t\t\n<style>\n#image_1961046403 {\n  width: 100%;\n}\n<\/style>\n\t<\/div>\n\t <\/div><\/div> <div class=\"col grid-col small-12 large-4 grid-col-3-4\" ><div class=\"col-inner\"> \t<div class=\"img has-hover x md-x lg-x y md-y lg-y\" id=\"image_1605338707\">\n\t\t<a class=\"image-lightbox lightbox-gallery\" title=\"\" href=\"http:\/\/deniareformas.com\/wp-content\/uploads\/2025\/04\/fuente-copia-edit.jpg\">\t\t\t\t\t\t<div class=\"img-inner dark\" >\n\t\t\t<img loading=\"lazy\" decoding=\"async\" width=\"612\" height=\"836\" src=\"http:\/\/deniareformas.com\/wp-content\/uploads\/2025\/04\/fuente-copia-edit.jpg\" class=\"attachment-large size-large\" alt=\"fuente de jard\u00edn reformas denia\" srcset=\"http:\/\/deniareformas.com\/wp-content\/uploads\/2025\/04\/fuente-copia-edit.jpg 612w, http:\/\/deniareformas.com\/wp-content\/uploads\/2025\/04\/fuente-copia-edit-220x300.jpg 220w\" sizes=\"auto, (max-width: 612px) 100vw, 612px\" \/>\t\t\t\t\t\t\n\t\t\t\t\t<\/div>\n\t\t\t\t\t\t<\/a>\t\t\n<style>\n#image_1605338707 {\n  width: 100%;\n}\n<\/style>\n\t<\/div>\n\t <\/div><\/div> <div class=\"col grid-col small-12 large-4 grid-col-1-2\" ><div class=\"col-inner\"> \t<div class=\"img has-hover x md-x lg-x y md-y lg-y\" id=\"image_1212311749\">\n\t\t<a class=\"image-lightbox lightbox-gallery\" title=\"\" href=\"http:\/\/deniareformas.com\/wp-content\/uploads\/2025\/04\/termo-1024x683.jpg\">\t\t\t\t\t\t<div class=\"img-inner dark\" >\n\t\t\t<img loading=\"lazy\" decoding=\"async\" width=\"1020\" height=\"680\" src=\"http:\/\/deniareformas.com\/wp-content\/uploads\/2025\/04\/termo-1024x683.jpg\" class=\"attachment-large size-large\" alt=\"instalaci\u00f3n de termo de gas o electrico reformas denia\" srcset=\"http:\/\/deniareformas.com\/wp-content\/uploads\/2025\/04\/termo-1024x683.jpg 1024w, http:\/\/deniareformas.com\/wp-content\/uploads\/2025\/04\/termo-300x200.jpg 300w, http:\/\/deniareformas.com\/wp-content\/uploads\/2025\/04\/termo-768x512.jpg 768w, http:\/\/deniareformas.com\/wp-content\/uploads\/2025\/04\/termo.jpg 1500w\" sizes=\"auto, (max-width: 1020px) 100vw, 1020px\" \/>\t\t\t\t\t\t\n\t\t\t\t\t<\/div>\n\t\t\t\t\t\t<\/a>\t\t\n<style>\n#image_1212311749 {\n  width: 100%;\n}\n<\/style>\n\t<\/div>\n\t <\/div><\/div> <div class=\"col grid-col small-14 large-4 grid-col-1-2\" ><div class=\"col-inner\"> \t<div class=\"img has-hover x md-x lg-x y md-y lg-y\" id=\"image_1561710390\">\n\t\t<a class=\"image-lightbox lightbox-gallery\" title=\"\" href=\"http:\/\/deniareformas.com\/wp-content\/uploads\/2025\/04\/calefaccion.jpg\">\t\t\t\t\t\t<div class=\"img-inner dark\" >\n\t\t\t<img loading=\"lazy\" decoding=\"async\" width=\"504\" height=\"1000\" src=\"http:\/\/deniareformas.com\/wp-content\/uploads\/2025\/04\/calefaccion.jpg\" class=\"attachment-original size-original\" alt=\"\" srcset=\"http:\/\/deniareformas.com\/wp-content\/uploads\/2025\/04\/calefaccion.jpg 504w, http:\/\/deniareformas.com\/wp-content\/uploads\/2025\/04\/calefaccion-151x300.jpg 151w\" sizes=\"auto, (max-width: 504px) 100vw, 504px\" \/>\t\t\t\t\t\t\n\t\t\t\t\t<\/div>\n\t\t\t\t\t\t<\/a>\t\t\n<style>\n#image_1561710390 {\n  width: 100%;\n}\n<\/style>\n\t<\/div>\n\t <\/div><\/div> <div class=\"col grid-col small-13 large-4 grid-col-1-3\" ><div class=\"col-inner\"> \t<div class=\"img has-hover x md-x lg-x y md-y lg-y\" id=\"image_40923496\">\n\t\t<a class=\"image-lightbox lightbox-gallery\" title=\"\" href=\"http:\/\/deniareformas.com\/wp-content\/uploads\/2025\/04\/plumber-2788332_1280.jpg\">\t\t\t\t\t\t<div class=\"img-inner dark\" >\n\t\t\t<img loading=\"lazy\" decoding=\"async\" width=\"1280\" height=\"848\" src=\"http:\/\/deniareformas.com\/wp-content\/uploads\/2025\/04\/plumber-2788332_1280.jpg\" class=\"attachment-original size-original\" alt=\"\" srcset=\"http:\/\/deniareformas.com\/wp-content\/uploads\/2025\/04\/plumber-2788332_1280.jpg 1280w, http:\/\/deniareformas.com\/wp-content\/uploads\/2025\/04\/plumber-2788332_1280-300x199.jpg 300w, http:\/\/deniareformas.com\/wp-content\/uploads\/2025\/04\/plumber-2788332_1280-1024x678.jpg 1024w, http:\/\/deniareformas.com\/wp-content\/uploads\/2025\/04\/plumber-2788332_1280-768x509.jpg 768w\" sizes=\"auto, (max-width: 1280px) 100vw, 1280px\" \/>\t\t\t\t\t\t\n\t\t\t\t\t<\/div>\n\t\t\t\t\t\t<\/a>\t\t\n<style>\n#image_40923496 {\n  width: 100%;\n}\n<\/style>\n\t<\/div>\n\t <\/div><\/div>             <\/div>\n    <style>\n    #banner-grid-67954190 .grid-col-1{height: 600px}\n    #banner-grid-67954190 .grid-col-1-2{height: 300px}\n    #banner-grid-67954190 .grid-col-1-3{height:200px}\n    #banner-grid-67954190 .grid-col-2-3{height: 400px}\n    #banner-grid-67954190 .grid-col-1-4{height: 150px}\n    #banner-grid-67954190 .grid-col-3-4{height: 450px}\n\n\n    \n    \n\n  <\/style>\n    <\/div>\n   \t\t<\/div>\n\t\t\t\t\t<\/div>\n\n\t <\/div>","protected":false},"excerpt":{"rendered":"","protected":false},"author":1,"featured_media":0,"parent":0,"menu_order":0,"comment_status":"closed","ping_status":"closed","template":"","meta":{"_joinchat":[],"footnotes":""},"class_list":["post-60","page","type-page","status-publish","hentry"],"yoast_head":"<!-- This site is optimized with the Yoast SEO plugin v26.8 - https:\/\/yoast.com\/product\/yoast-seo-wordpress\/ -->\n<title>FONTANER\u00cdA - DENIA REFORMAS<\/title>\n<meta name=\"description\" content=\"Ofrecemos un servicio integral que abarca desde la reparaci\u00f3n urgente de aver\u00edas hasta la instalaci\u00f3n completa en obra nueva.\" \/>\n<meta name=\"robots\" content=\"index, follow, max-snippet:-1, max-image-preview:large, max-video-preview:-1\" \/>\n<link rel=\"canonical\" href=\"http:\/\/deniareformas.com\/en\/fontaneria\/\" \/>\n<meta property=\"og:locale\" content=\"en_US\" \/>\n<meta property=\"og:type\" content=\"article\" \/>\n<meta property=\"og:title\" content=\"FONTANER\u00cdA - DENIA REFORMAS\" \/>\n<meta property=\"og:description\" content=\"Ofrecemos un servicio integral que abarca desde la reparaci\u00f3n urgente de aver\u00edas hasta la instalaci\u00f3n completa en obra nueva.\" \/>\n<meta property=\"og:url\" content=\"http:\/\/deniareformas.com\/en\/fontaneria\/\" \/>\n<meta property=\"og:site_name\" content=\"DENIA REFORMAS\" \/>\n<meta property=\"article:publisher\" content=\"https:\/\/www.facebook.com\/profile.php?id=61574928158369\" \/>\n<meta property=\"article:modified_time\" content=\"2025-04-10T08:48:40+00:00\" \/>\n<meta name=\"twitter:card\" content=\"summary_large_image\" \/>\n<meta name=\"twitter:label1\" content=\"Est. reading time\" \/>\n\t<meta name=\"twitter:data1\" content=\"1 minute\" \/>\n<script type=\"application\/ld+json\" class=\"yoast-schema-graph\">{\"@context\":\"https:\/\/schema.org\",\"@graph\":[{\"@type\":\"WebPage\",\"@id\":\"http:\/\/deniareformas.com\/en\/fontaneria\/\",\"url\":\"http:\/\/deniareformas.com\/en\/fontaneria\/\",\"name\":\"FONTANER\u00cdA - DENIA REFORMAS\",\"isPartOf\":{\"@id\":\"http:\/\/deniareformas.com\/#website\"},\"datePublished\":\"2025-04-05T15:13:23+00:00\",\"dateModified\":\"2025-04-10T08:48:40+00:00\",\"description\":\"Ofrecemos un servicio integral que abarca desde la reparaci\u00f3n urgente de aver\u00edas hasta la instalaci\u00f3n completa en obra nueva.\",\"breadcrumb\":{\"@id\":\"http:\/\/deniareformas.com\/en\/fontaneria\/#breadcrumb\"},\"inLanguage\":\"en-US\",\"potentialAction\":[{\"@type\":\"ReadAction\",\"target\":[\"http:\/\/deniareformas.com\/en\/fontaneria\/\"]}]},{\"@type\":\"BreadcrumbList\",\"@id\":\"http:\/\/deniareformas.com\/en\/fontaneria\/#breadcrumb\",\"itemListElement\":[{\"@type\":\"ListItem\",\"position\":1,\"name\":\"Portada\",\"item\":\"http:\/\/deniareformas.com\/\"},{\"@type\":\"ListItem\",\"position\":2,\"name\":\"FONTANER\u00cdA\"}]},{\"@type\":\"WebSite\",\"@id\":\"http:\/\/deniareformas.com\/#website\",\"url\":\"http:\/\/deniareformas.com\/\",\"name\":\"DENIA REFORMAS\",\"description\":\"S&oacute;lo otro sitio de WordPress\",\"publisher\":{\"@id\":\"http:\/\/deniareformas.com\/#organization\"},\"potentialAction\":[{\"@type\":\"SearchAction\",\"target\":{\"@type\":\"EntryPoint\",\"urlTemplate\":\"http:\/\/deniareformas.com\/?s={search_term_string}\"},\"query-input\":{\"@type\":\"PropertyValueSpecification\",\"valueRequired\":true,\"valueName\":\"search_term_string\"}}],\"inLanguage\":\"en-US\"},{\"@type\":\"Organization\",\"@id\":\"http:\/\/deniareformas.com\/#organization\",\"name\":\"REFORMAS D\u00c9NIA\",\"url\":\"http:\/\/deniareformas.com\/\",\"logo\":{\"@type\":\"ImageObject\",\"inLanguage\":\"en-US\",\"@id\":\"http:\/\/deniareformas.com\/#\/schema\/logo\/image\/\",\"url\":\"http:\/\/deniareformas.com\/wp-content\/uploads\/2025\/03\/logo-3-1.jpg\",\"contentUrl\":\"http:\/\/deniareformas.com\/wp-content\/uploads\/2025\/03\/logo-3-1.jpg\",\"width\":560,\"height\":470,\"caption\":\"REFORMAS D\u00c9NIA\"},\"image\":{\"@id\":\"http:\/\/deniareformas.com\/#\/schema\/logo\/image\/\"},\"sameAs\":[\"https:\/\/www.facebook.com\/profile.php?id=61574928158369\"]}]}<\/script>\n<!-- \/ Yoast SEO plugin. -->","yoast_head_json":{"title":"FONTANER\u00cdA - DENIA REFORMAS","description":"Ofrecemos un servicio integral que abarca desde la reparaci\u00f3n urgente de aver\u00edas hasta la instalaci\u00f3n completa en obra nueva.","robots":{"index":"index","follow":"follow","max-snippet":"max-snippet:-1","max-image-preview":"max-image-preview:large","max-video-preview":"max-video-preview:-1"},"canonical":"http:\/\/deniareformas.com\/en\/fontaneria\/","og_locale":"en_US","og_type":"article","og_title":"FONTANER\u00cdA - DENIA REFORMAS","og_description":"Ofrecemos un servicio integral que abarca desde la reparaci\u00f3n urgente de aver\u00edas hasta la instalaci\u00f3n completa en obra nueva.","og_url":"http:\/\/deniareformas.com\/en\/fontaneria\/","og_site_name":"DENIA REFORMAS","article_publisher":"https:\/\/www.facebook.com\/profile.php?id=61574928158369","article_modified_time":"2025-04-10T08:48:40+00:00","twitter_card":"summary_large_image","twitter_misc":{"Est. reading time":"1 minute"},"schema":{"@context":"https:\/\/schema.org","@graph":[{"@type":"WebPage","@id":"http:\/\/deniareformas.com\/en\/fontaneria\/","url":"http:\/\/deniareformas.com\/en\/fontaneria\/","name":"FONTANER\u00cdA - DENIA REFORMAS","isPartOf":{"@id":"http:\/\/deniareformas.com\/#website"},"datePublished":"2025-04-05T15:13:23+00:00","dateModified":"2025-04-10T08:48:40+00:00","description":"Ofrecemos un servicio integral que abarca desde la reparaci\u00f3n urgente de aver\u00edas hasta la instalaci\u00f3n completa en obra nueva.","breadcrumb":{"@id":"http:\/\/deniareformas.com\/en\/fontaneria\/#breadcrumb"},"inLanguage":"en-US","potentialAction":[{"@type":"ReadAction","target":["http:\/\/deniareformas.com\/en\/fontaneria\/"]}]},{"@type":"BreadcrumbList","@id":"http:\/\/deniareformas.com\/en\/fontaneria\/#breadcrumb","itemListElement":[{"@type":"ListItem","position":1,"name":"Portada","item":"http:\/\/deniareformas.com\/"},{"@type":"ListItem","position":2,"name":"FONTANER\u00cdA"}]},{"@type":"WebSite","@id":"http:\/\/deniareformas.com\/#website","url":"http:\/\/deniareformas.com\/","name":"DENIA REFORMAS","description":"S&oacute;lo otro sitio de WordPress","publisher":{"@id":"http:\/\/deniareformas.com\/#organization"},"potentialAction":[{"@type":"SearchAction","target":{"@type":"EntryPoint","urlTemplate":"http:\/\/deniareformas.com\/?s={search_term_string}"},"query-input":{"@type":"PropertyValueSpecification","valueRequired":true,"valueName":"search_term_string"}}],"inLanguage":"en-US"},{"@type":"Organization","@id":"http:\/\/deniareformas.com\/#organization","name":"REFORMAS D\u00c9NIA","url":"http:\/\/deniareformas.com\/","logo":{"@type":"ImageObject","inLanguage":"en-US","@id":"http:\/\/deniareformas.com\/#\/schema\/logo\/image\/","url":"http:\/\/deniareformas.com\/wp-content\/uploads\/2025\/03\/logo-3-1.jpg","contentUrl":"http:\/\/deniareformas.com\/wp-content\/uploads\/2025\/03\/logo-3-1.jpg","width":560,"height":470,"caption":"REFORMAS D\u00c9NIA"},"image":{"@id":"http:\/\/deniareformas.com\/#\/schema\/logo\/image\/"},"sameAs":["https:\/\/www.facebook.com\/profile.php?id=61574928158369"]}]}},"_links":{"self":[{"href":"http:\/\/deniareformas.com\/en\/wp-json\/wp\/v2\/pages\/60","targetHints":{"allow":["GET"]}}],"collection":[{"href":"http:\/\/deniareformas.com\/en\/wp-json\/wp\/v2\/pages"}],"about":[{"href":"http:\/\/deniareformas.com\/en\/wp-json\/wp\/v2\/types\/page"}],"author":[{"embeddable":true,"href":"http:\/\/deniareformas.com\/en\/wp-json\/wp\/v2\/users\/1"}],"replies":[{"embeddable":true,"href":"http:\/\/deniareformas.com\/en\/wp-json\/wp\/v2\/comments?post=60"}],"version-history":[{"count":3,"href":"http:\/\/deniareformas.com\/en\/wp-json\/wp\/v2\/pages\/60\/revisions"}],"predecessor-version":[{"id":136,"href":"http:\/\/deniareformas.com\/en\/wp-json\/wp\/v2\/pages\/60\/revisions\/136"}],"wp:attachment":[{"href":"http:\/\/deniareformas.com\/en\/wp-json\/wp\/v2\/media?parent=60"}],"curies":[{"name":"wp","href":"https:\/\/api.w.org\/{rel}","templated":true}]}}