{"id":68,"date":"2025-04-05T15:55:23","date_gmt":"2025-04-05T15:55:23","guid":{"rendered":"https:\/\/deniareformas.com\/?page_id=68"},"modified":"2025-04-10T08:45:33","modified_gmt":"2025-04-10T08:45:33","slug":"electricidad","status":"publish","type":"page","link":"http:\/\/deniareformas.com\/en\/electricidad\/","title":{"rendered":"ELECTRICITY"},"content":{"rendered":"<div id=\"page-header-1214341498\" class=\"page-header-wrapper\">\n  <div class=\"page-title light divided-title\">\n\n    \n    <div class=\"page-title-inner container align-center text-center flex-row-col medium-flex-wrap\" >\n              <div class=\"title-wrapper flex-col\">\n          <h1 class=\"entry-title mb-0\">\n            ELECTRICITY          <\/h1>\n        <\/div>\n                    <div class=\"title-content flex-col\">\n        <div class=\"title-breadcrumbs pb-half pt-half\"><\/div>      <\/div>\n    <\/div>\n\n       <\/div>\n  <div class=\"container header-wrapper-divider\"><hr\/><\/div>  <\/div>\n   <div class=\"row\"  id=\"row-515552445\"> \n\t<div id=\"col-809514556\" class=\"col medium-3 small-12 large-3\"  >\n\t\t\t\t<div class=\"col-inner\"  >\n\t\t\t\n\t\t\t\r\n<p><strong>Soluciones el\u00e9ctricas en D\u00e9nia: Reparaciones, instalaciones y m\u00e1s<\/strong> En Reformas D\u00e9nia, somos especialistas en servicios el\u00e9ctricos para tu hogar o negocio. Desde la reparaci\u00f3n de aver\u00edas hasta instalaciones el\u00e9ctricas en obra nueva, garantizamos calidad, seguridad y cumplimiento con todas las normativas. Conf\u00eda en nosotros para:<\/p>\r\n<ul>\r\n<li>\r\n<p><strong>Reparaci\u00f3n de aver\u00edas el\u00e9ctricas.<\/strong><\/p>\r\n<\/li>\r\n<li>\r\n<p><strong>Instalaciones nuevas en viviendas y locales.<\/strong><\/p>\r\n<\/li>\r\n<li>\r\n<p><strong>Mantenimiento el\u00e9ctrico profesional.<\/strong><\/p>\r\n<\/li>\r\n<li>\r\n<p><strong>Proyectos el\u00e9ctricos para obra nueva.<\/strong><\/p>\r\n<\/li>\r\n<\/ul>\r\n<p>Ponemos nuestro compromiso y experiencia a tu servicio. \u00a1Cont\u00e1ctanos hoy para una soluci\u00f3n el\u00e9ctrica a medida!<\/p>\r\n<a href=\"\/en\/contacto\/\" class=\"button primary\"  style=\"border-radius:99px;\">\n\t\t<span>CONTACT<\/span>\n\t<\/a>\n \t\t<\/div>\n\t\t\t\t\t<\/div>\n\n\t \n\t<div id=\"col-1636366495\" class=\"col medium-9 small-12 large-9\"  >\n\t\t\t\t<div class=\"col-inner\"  >\n\t\t\t\n\t\t\t   <div class=\"banner-grid-wrapper\">\n  <div id=\"banner-grid-2075963800\" class=\"banner-grid row row-grid row-small\" data-packery-options=\"\">\n                       <div class=\"col grid-col small-12 large-4 grid-col-3-4\" ><div class=\"col-inner\"> \t<div class=\"img has-hover x md-x lg-x y md-y lg-y\" id=\"image_1458142339\">\n\t\t<a class=\"image-lightbox lightbox-gallery\" title=\"\" href=\"http:\/\/deniareformas.com\/wp-content\/uploads\/2025\/04\/elctricista.jpg\">\t\t\t\t\t\t<div class=\"img-inner dark\" >\n\t\t\t<img loading=\"lazy\" decoding=\"async\" width=\"699\" height=\"614\" src=\"http:\/\/deniareformas.com\/wp-content\/uploads\/2025\/04\/elctricista.jpg\" class=\"attachment-original size-original\" alt=\"Instalaciones electricas denia\" srcset=\"http:\/\/deniareformas.com\/wp-content\/uploads\/2025\/04\/elctricista.jpg 699w, http:\/\/deniareformas.com\/wp-content\/uploads\/2025\/04\/elctricista-300x264.jpg 300w\" sizes=\"auto, (max-width: 699px) 100vw, 699px\" \/>\t\t\t\t\t\t\n\t\t\t\t\t<\/div>\n\t\t\t\t\t\t<\/a>\t\t\n<style>\n#image_1458142339 {\n  width: 100%;\n}\n<\/style>\n\t<\/div>\n\t <\/div><\/div> <div class=\"col grid-col small-13 large-3 grid-col-1-3\" ><div class=\"col-inner\"> \t<div class=\"img has-hover x md-x lg-x y md-y lg-y\" id=\"image_1524562113\">\n\t\t<a class=\"image-lightbox lightbox-gallery\" title=\"\" href=\"http:\/\/deniareformas.com\/wp-content\/uploads\/2025\/04\/electricidad.jpg\">\t\t\t\t\t\t<div class=\"img-inner dark\" >\n\t\t\t<img loading=\"lazy\" decoding=\"async\" width=\"1020\" height=\"681\" src=\"http:\/\/deniareformas.com\/wp-content\/uploads\/2025\/04\/electricidad-1024x684.jpg\" class=\"attachment-large size-large\" alt=\"Instalaciones electricas denia\" srcset=\"http:\/\/deniareformas.com\/wp-content\/uploads\/2025\/04\/electricidad-1024x684.jpg 1024w, http:\/\/deniareformas.com\/wp-content\/uploads\/2025\/04\/electricidad-300x200.jpg 300w, http:\/\/deniareformas.com\/wp-content\/uploads\/2025\/04\/electricidad-768x513.jpg 768w, http:\/\/deniareformas.com\/wp-content\/uploads\/2025\/04\/electricidad-1536x1026.jpg 1536w, http:\/\/deniareformas.com\/wp-content\/uploads\/2025\/04\/electricidad.jpg 1920w\" sizes=\"auto, (max-width: 1020px) 100vw, 1020px\" \/>\t\t\t\t\t\t\n\t\t\t\t\t<\/div>\n\t\t\t\t\t\t<\/a>\t\t\n<style>\n#image_1524562113 {\n  width: 100%;\n}\n<\/style>\n\t<\/div>\n\t <\/div><\/div> <div class=\"col grid-col small-13 large-5 grid-col-1-3\" ><div class=\"col-inner\"> \t<div class=\"img has-hover x md-x lg-x y md-y lg-y\" id=\"image_1998703092\">\n\t\t<a class=\"image-lightbox lightbox-gallery\" title=\"\" href=\"http:\/\/deniareformas.com\/wp-content\/uploads\/2025\/04\/electricista2-1024x759.jpg\">\t\t\t\t\t\t<div class=\"img-inner image-cover dark\" style=\"padding-top:90%;\">\n\t\t\t<img loading=\"lazy\" decoding=\"async\" width=\"1500\" height=\"1112\" src=\"http:\/\/deniareformas.com\/wp-content\/uploads\/2025\/04\/electricista2.jpg\" class=\"attachment-original size-original\" alt=\"Instalaciones electricas denia\" srcset=\"http:\/\/deniareformas.com\/wp-content\/uploads\/2025\/04\/electricista2.jpg 1500w, http:\/\/deniareformas.com\/wp-content\/uploads\/2025\/04\/electricista2-300x222.jpg 300w, http:\/\/deniareformas.com\/wp-content\/uploads\/2025\/04\/electricista2-1024x759.jpg 1024w, http:\/\/deniareformas.com\/wp-content\/uploads\/2025\/04\/electricista2-768x569.jpg 768w\" sizes=\"auto, (max-width: 1500px) 100vw, 1500px\" \/>\t\t\t\t\t\t\n\t\t\t\t\t<\/div>\n\t\t\t\t\t\t<\/a>\t\t\n<style>\n#image_1998703092 {\n  width: 100%;\n}\n<\/style>\n\t<\/div>\n\t <\/div><\/div> <div class=\"col grid-col small-13 large-8 grid-col-1-3\" ><div class=\"col-inner\"> \t<div class=\"img has-hover x md-x lg-x y md-y lg-y\" id=\"image_1359574941\">\n\t\t<a class=\"image-lightbox lightbox-gallery\" title=\"\" href=\"http:\/\/deniareformas.com\/wp-content\/uploads\/2025\/04\/electricista3.jpg\">\t\t\t\t\t\t<div class=\"img-inner dark\" >\n\t\t\t<img loading=\"lazy\" decoding=\"async\" width=\"1020\" height=\"765\" src=\"http:\/\/deniareformas.com\/wp-content\/uploads\/2025\/04\/electricista3-1024x768.jpg\" class=\"attachment-large size-large\" alt=\"\" srcset=\"http:\/\/deniareformas.com\/wp-content\/uploads\/2025\/04\/electricista3-1024x768.jpg 1024w, http:\/\/deniareformas.com\/wp-content\/uploads\/2025\/04\/electricista3-300x225.jpg 300w, http:\/\/deniareformas.com\/wp-content\/uploads\/2025\/04\/electricista3-768x576.jpg 768w, http:\/\/deniareformas.com\/wp-content\/uploads\/2025\/04\/electricista3.jpg 1280w\" sizes=\"auto, (max-width: 1020px) 100vw, 1020px\" \/>\t\t\t\t\t\t\n\t\t\t\t\t<\/div>\n\t\t\t\t\t\t<\/a>\t\t\n<style>\n#image_1359574941 {\n  width: 100%;\n}\n<\/style>\n\t<\/div>\n\t <\/div><\/div>             <\/div>\n    <style>\n    #banner-grid-2075963800 .grid-col-1{height: 600px}\n    #banner-grid-2075963800 .grid-col-1-2{height: 300px}\n    #banner-grid-2075963800 .grid-col-1-3{height:200px}\n    #banner-grid-2075963800 .grid-col-2-3{height: 400px}\n    #banner-grid-2075963800 .grid-col-1-4{height: 150px}\n    #banner-grid-2075963800 .grid-col-3-4{height: 450px}\n\n\n    \n    \n\n  <\/style>\n    <\/div>\n   \t\t<\/div>\n\t\t\t\t\t<\/div>\n\n\t <\/div>\r\n\r\n\r\n\r\n<p>&nbsp;<\/p>","protected":false},"excerpt":{"rendered":"<p>&nbsp;<\/p>","protected":false},"author":1,"featured_media":0,"parent":0,"menu_order":0,"comment_status":"closed","ping_status":"closed","template":"","meta":{"_joinchat":[],"footnotes":""},"class_list":["post-68","page","type-page","status-publish","hentry"],"yoast_head":"<!-- This site is optimized with the Yoast SEO plugin v26.8 - https:\/\/yoast.com\/product\/yoast-seo-wordpress\/ -->\n<title>ELECTRICIDAD - DENIA REFORMAS<\/title>\n<meta name=\"description\" content=\"Reparaci\u00f3n de aver\u00edas el\u00e9ctricas. Instalaciones nuevas en viviendas y locales. Mantenimiento el\u00e9ctrico profesional. Proyectos el\u00e9ctricos para obra nueva.\" \/>\n<meta name=\"robots\" content=\"index, follow, max-snippet:-1, max-image-preview:large, max-video-preview:-1\" \/>\n<link rel=\"canonical\" href=\"http:\/\/deniareformas.com\/en\/electricidad\/\" \/>\n<meta property=\"og:locale\" content=\"en_US\" \/>\n<meta property=\"og:type\" content=\"article\" \/>\n<meta property=\"og:title\" content=\"ELECTRICIDAD - DENIA REFORMAS\" \/>\n<meta property=\"og:description\" content=\"Reparaci\u00f3n de aver\u00edas el\u00e9ctricas. Instalaciones nuevas en viviendas y locales. Mantenimiento el\u00e9ctrico profesional. Proyectos el\u00e9ctricos para obra nueva.\" \/>\n<meta property=\"og:url\" content=\"http:\/\/deniareformas.com\/en\/electricidad\/\" \/>\n<meta property=\"og:site_name\" content=\"DENIA REFORMAS\" \/>\n<meta property=\"article:publisher\" content=\"https:\/\/www.facebook.com\/profile.php?id=61574928158369\" \/>\n<meta property=\"article:modified_time\" content=\"2025-04-10T08:45:33+00:00\" \/>\n<meta name=\"twitter:card\" content=\"summary_large_image\" \/>\n<meta name=\"twitter:label1\" content=\"Est. reading time\" \/>\n\t<meta name=\"twitter:data1\" content=\"1 minute\" \/>\n<script type=\"application\/ld+json\" class=\"yoast-schema-graph\">{\"@context\":\"https:\/\/schema.org\",\"@graph\":[{\"@type\":\"WebPage\",\"@id\":\"http:\/\/deniareformas.com\/electricidad\/\",\"url\":\"http:\/\/deniareformas.com\/electricidad\/\",\"name\":\"ELECTRICIDAD - DENIA REFORMAS\",\"isPartOf\":{\"@id\":\"http:\/\/deniareformas.com\/#website\"},\"datePublished\":\"2025-04-05T15:55:23+00:00\",\"dateModified\":\"2025-04-10T08:45:33+00:00\",\"description\":\"Reparaci\u00f3n de aver\u00edas el\u00e9ctricas. Instalaciones nuevas en viviendas y locales. Mantenimiento el\u00e9ctrico profesional. Proyectos el\u00e9ctricos para obra nueva.\",\"breadcrumb\":{\"@id\":\"http:\/\/deniareformas.com\/electricidad\/#breadcrumb\"},\"inLanguage\":\"en-US\",\"potentialAction\":[{\"@type\":\"ReadAction\",\"target\":[\"http:\/\/deniareformas.com\/electricidad\/\"]}]},{\"@type\":\"BreadcrumbList\",\"@id\":\"http:\/\/deniareformas.com\/electricidad\/#breadcrumb\",\"itemListElement\":[{\"@type\":\"ListItem\",\"position\":1,\"name\":\"Portada\",\"item\":\"http:\/\/deniareformas.com\/\"},{\"@type\":\"ListItem\",\"position\":2,\"name\":\"ELECTRICIDAD\"}]},{\"@type\":\"WebSite\",\"@id\":\"http:\/\/deniareformas.com\/#website\",\"url\":\"http:\/\/deniareformas.com\/\",\"name\":\"DENIA REFORMAS\",\"description\":\"S&oacute;lo otro sitio de WordPress\",\"publisher\":{\"@id\":\"http:\/\/deniareformas.com\/#organization\"},\"potentialAction\":[{\"@type\":\"SearchAction\",\"target\":{\"@type\":\"EntryPoint\",\"urlTemplate\":\"http:\/\/deniareformas.com\/?s={search_term_string}\"},\"query-input\":{\"@type\":\"PropertyValueSpecification\",\"valueRequired\":true,\"valueName\":\"search_term_string\"}}],\"inLanguage\":\"en-US\"},{\"@type\":\"Organization\",\"@id\":\"http:\/\/deniareformas.com\/#organization\",\"name\":\"REFORMAS D\u00c9NIA\",\"url\":\"http:\/\/deniareformas.com\/\",\"logo\":{\"@type\":\"ImageObject\",\"inLanguage\":\"en-US\",\"@id\":\"http:\/\/deniareformas.com\/#\/schema\/logo\/image\/\",\"url\":\"http:\/\/deniareformas.com\/wp-content\/uploads\/2025\/03\/logo-3-1.jpg\",\"contentUrl\":\"http:\/\/deniareformas.com\/wp-content\/uploads\/2025\/03\/logo-3-1.jpg\",\"width\":560,\"height\":470,\"caption\":\"REFORMAS D\u00c9NIA\"},\"image\":{\"@id\":\"http:\/\/deniareformas.com\/#\/schema\/logo\/image\/\"},\"sameAs\":[\"https:\/\/www.facebook.com\/profile.php?id=61574928158369\"]}]}<\/script>\n<!-- \/ Yoast SEO plugin. -->","yoast_head_json":{"title":"ELECTRICIDAD - DENIA REFORMAS","description":"Reparaci\u00f3n de aver\u00edas el\u00e9ctricas. Instalaciones nuevas en viviendas y locales. Mantenimiento el\u00e9ctrico profesional. Proyectos el\u00e9ctricos para obra nueva.","robots":{"index":"index","follow":"follow","max-snippet":"max-snippet:-1","max-image-preview":"max-image-preview:large","max-video-preview":"max-video-preview:-1"},"canonical":"http:\/\/deniareformas.com\/en\/electricidad\/","og_locale":"en_US","og_type":"article","og_title":"ELECTRICIDAD - DENIA REFORMAS","og_description":"Reparaci\u00f3n de aver\u00edas el\u00e9ctricas. Instalaciones nuevas en viviendas y locales. Mantenimiento el\u00e9ctrico profesional. Proyectos el\u00e9ctricos para obra nueva.","og_url":"http:\/\/deniareformas.com\/en\/electricidad\/","og_site_name":"DENIA REFORMAS","article_publisher":"https:\/\/www.facebook.com\/profile.php?id=61574928158369","article_modified_time":"2025-04-10T08:45:33+00:00","twitter_card":"summary_large_image","twitter_misc":{"Est. reading time":"1 minute"},"schema":{"@context":"https:\/\/schema.org","@graph":[{"@type":"WebPage","@id":"http:\/\/deniareformas.com\/electricidad\/","url":"http:\/\/deniareformas.com\/electricidad\/","name":"ELECTRICIDAD - DENIA REFORMAS","isPartOf":{"@id":"http:\/\/deniareformas.com\/#website"},"datePublished":"2025-04-05T15:55:23+00:00","dateModified":"2025-04-10T08:45:33+00:00","description":"Reparaci\u00f3n de aver\u00edas el\u00e9ctricas. Instalaciones nuevas en viviendas y locales. Mantenimiento el\u00e9ctrico profesional. Proyectos el\u00e9ctricos para obra nueva.","breadcrumb":{"@id":"http:\/\/deniareformas.com\/electricidad\/#breadcrumb"},"inLanguage":"en-US","potentialAction":[{"@type":"ReadAction","target":["http:\/\/deniareformas.com\/electricidad\/"]}]},{"@type":"BreadcrumbList","@id":"http:\/\/deniareformas.com\/electricidad\/#breadcrumb","itemListElement":[{"@type":"ListItem","position":1,"name":"Portada","item":"http:\/\/deniareformas.com\/"},{"@type":"ListItem","position":2,"name":"ELECTRICIDAD"}]},{"@type":"WebSite","@id":"http:\/\/deniareformas.com\/#website","url":"http:\/\/deniareformas.com\/","name":"DENIA REFORMAS","description":"S&oacute;lo otro sitio de WordPress","publisher":{"@id":"http:\/\/deniareformas.com\/#organization"},"potentialAction":[{"@type":"SearchAction","target":{"@type":"EntryPoint","urlTemplate":"http:\/\/deniareformas.com\/?s={search_term_string}"},"query-input":{"@type":"PropertyValueSpecification","valueRequired":true,"valueName":"search_term_string"}}],"inLanguage":"en-US"},{"@type":"Organization","@id":"http:\/\/deniareformas.com\/#organization","name":"REFORMAS D\u00c9NIA","url":"http:\/\/deniareformas.com\/","logo":{"@type":"ImageObject","inLanguage":"en-US","@id":"http:\/\/deniareformas.com\/#\/schema\/logo\/image\/","url":"http:\/\/deniareformas.com\/wp-content\/uploads\/2025\/03\/logo-3-1.jpg","contentUrl":"http:\/\/deniareformas.com\/wp-content\/uploads\/2025\/03\/logo-3-1.jpg","width":560,"height":470,"caption":"REFORMAS D\u00c9NIA"},"image":{"@id":"http:\/\/deniareformas.com\/#\/schema\/logo\/image\/"},"sameAs":["https:\/\/www.facebook.com\/profile.php?id=61574928158369"]}]}},"_links":{"self":[{"href":"http:\/\/deniareformas.com\/en\/wp-json\/wp\/v2\/pages\/68","targetHints":{"allow":["GET"]}}],"collection":[{"href":"http:\/\/deniareformas.com\/en\/wp-json\/wp\/v2\/pages"}],"about":[{"href":"http:\/\/deniareformas.com\/en\/wp-json\/wp\/v2\/types\/page"}],"author":[{"embeddable":true,"href":"http:\/\/deniareformas.com\/en\/wp-json\/wp\/v2\/users\/1"}],"replies":[{"embeddable":true,"href":"http:\/\/deniareformas.com\/en\/wp-json\/wp\/v2\/comments?post=68"}],"version-history":[{"count":6,"href":"http:\/\/deniareformas.com\/en\/wp-json\/wp\/v2\/pages\/68\/revisions"}],"predecessor-version":[{"id":135,"href":"http:\/\/deniareformas.com\/en\/wp-json\/wp\/v2\/pages\/68\/revisions\/135"}],"wp:attachment":[{"href":"http:\/\/deniareformas.com\/en\/wp-json\/wp\/v2\/media?parent=68"}],"curies":[{"name":"wp","href":"https:\/\/api.w.org\/{rel}","templated":true}]}}