{"id":95,"date":"2025-04-08T13:18:16","date_gmt":"2025-04-08T13:18:16","guid":{"rendered":"https:\/\/deniareformas.com\/?page_id=95"},"modified":"2026-01-29T20:44:31","modified_gmt":"2026-01-29T20:44:31","slug":"humedades","status":"publish","type":"page","link":"http:\/\/deniareformas.com\/en\/humedades\/","title":{"rendered":"HUMIDITY"},"content":{"rendered":"<div id=\"page-header-880360573\" class=\"page-header-wrapper\">\n  <div class=\"page-title light divided-title\">\n\n    \n    <div class=\"page-title-inner container align-center text-center flex-row-col medium-flex-wrap\" >\n              <div class=\"title-wrapper flex-col\">\n          <h1 class=\"entry-title mb-0\">\n            HUMIDITY          <\/h1>\n        <\/div>\n                    <div class=\"title-content flex-col\">\n        <div class=\"title-breadcrumbs pb-half pt-half\"><\/div>      <\/div>\n    <\/div>\n\n       <\/div>\n  <div class=\"container header-wrapper-divider\"><hr\/><\/div>  <\/div>\n  \n<div class=\"row\"  id=\"row-1791908332\">\n\n\t<div id=\"col-1186755451\" class=\"col medium-3 small-12 large-3\"  >\n\t\t\t\t<div class=\"col-inner\"  >\n\t\t\t\n\t\t\t\n<p><strong>A DEFINITIVE SOLUTION FOR RISING DAMPNESS<\/strong><\/p>\n<p>A German product that offers a minimum 20-year guarantee on its effectiveness. No construction work required (just a few holes).\u00a0<\/p>\n<a href=\"\/en\/contacto\/\" class=\"button primary\"  style=\"border-radius:99px;\">\n\t\t<span>CONTACT<\/span>\n\t<\/a>\n\n\t\t<\/div>\n\t\t\t\t\t<\/div>\n\n\t\n\n\t<div id=\"col-1164885376\" class=\"col medium-9 small-12 large-9\"  >\n\t\t\t\t<div class=\"col-inner\"  >\n\t\t\t\n\t\t\t\n  <div class=\"banner-grid-wrapper\">\n  <div id=\"banner-grid-1995644837\" class=\"banner-grid row row-grid row-small\" data-packery-options=\"\">\n                      \n<div class=\"col grid-col large-7 grid-col-3-4\" ><div class=\"col-inner\">\n\t<div class=\"img has-hover x md-x lg-x y md-y lg-y\" id=\"image_1671418784\">\n\t\t<a class=\"image-lightbox lightbox-gallery\" title=\"\" href=\"http:\/\/deniareformas.com\/wp-content\/uploads\/2025\/04\/isofin-hero-edited-new-address.png\">\t\t\t\t\t\t<div class=\"img-inner dark\" >\n\t\t\t<img loading=\"lazy\" decoding=\"async\" width=\"1020\" height=\"555\" src=\"http:\/\/deniareformas.com\/wp-content\/uploads\/2025\/04\/isofin-hero-edited-new-address-1024x557.png\" class=\"attachment-large size-large\" alt=\"\" srcset=\"http:\/\/deniareformas.com\/wp-content\/uploads\/2025\/04\/isofin-hero-edited-new-address-1024x557.png 1024w, http:\/\/deniareformas.com\/wp-content\/uploads\/2025\/04\/isofin-hero-edited-new-address-300x163.png 300w, http:\/\/deniareformas.com\/wp-content\/uploads\/2025\/04\/isofin-hero-edited-new-address-768x418.png 768w, http:\/\/deniareformas.com\/wp-content\/uploads\/2025\/04\/isofin-hero-edited-new-address-1536x836.png 1536w, http:\/\/deniareformas.com\/wp-content\/uploads\/2025\/04\/isofin-hero-edited-new-address.png 2000w\" sizes=\"auto, (max-width: 1020px) 100vw, 1020px\" \/>\t\t\t\t\t\t\n\t\t\t\t\t<\/div>\n\t\t\t\t\t\t<\/a>\t\t\n<style>\n#image_1671418784 {\n  width: 100%;\n}\n<\/style>\n\t<\/div>\n\t\n<\/div><\/div>\n<div class=\"col grid-col large-5 grid-col-3-4\" ><div class=\"col-inner\">\n\t<div class=\"img has-hover x md-x lg-x y md-y lg-y\" id=\"image_219303038\">\n\t\t<a class=\"image-lightbox lightbox-gallery\" title=\"\" href=\"http:\/\/deniareformas.com\/wp-content\/uploads\/2025\/04\/isofin-eliminar-humedades-en-denia.png\">\t\t\t\t\t\t<div class=\"img-inner dark\" >\n\t\t\t<img loading=\"lazy\" decoding=\"async\" width=\"612\" height=\"1024\" src=\"http:\/\/deniareformas.com\/wp-content\/uploads\/2025\/04\/isofin-eliminar-humedades-en-denia-612x1024.png\" class=\"attachment-large size-large\" alt=\"isofin-eliminar humedades en denia\" srcset=\"http:\/\/deniareformas.com\/wp-content\/uploads\/2025\/04\/isofin-eliminar-humedades-en-denia-612x1024.png 612w, http:\/\/deniareformas.com\/wp-content\/uploads\/2025\/04\/isofin-eliminar-humedades-en-denia-179x300.png 179w, http:\/\/deniareformas.com\/wp-content\/uploads\/2025\/04\/isofin-eliminar-humedades-en-denia-768x1284.png 768w, http:\/\/deniareformas.com\/wp-content\/uploads\/2025\/04\/isofin-eliminar-humedades-en-denia.png 802w\" sizes=\"auto, (max-width: 612px) 100vw, 612px\" \/>\t\t\t\t\t\t\n\t\t\t\t\t<\/div>\n\t\t\t\t\t\t<\/a>\t\t\n<style>\n#image_219303038 {\n  width: 100%;\n}\n<\/style>\n\t<\/div>\n\t\n<\/div><\/div>\n            <\/div>\n    <style>\n    #banner-grid-1995644837 .grid-col-1{height: 569px}\n    #banner-grid-1995644837 .grid-col-1-2{height: 284.5px}\n    #banner-grid-1995644837 .grid-col-1-3{height:189.66666666667px}\n    #banner-grid-1995644837 .grid-col-2-3{height: 379.33333333333px}\n    #banner-grid-1995644837 .grid-col-1-4{height: 142.25px}\n    #banner-grid-1995644837 .grid-col-3-4{height: 426.75px}\n\n\n    \n    \n\n  <\/style>\n    <\/div>\n  \n<h3 data-start=\"105\" data-end=\"161\">Hidrofugaci\u00f3n de muros: protecci\u00f3n eficaz y duradera<\/h3>\n<p data-start=\"163\" data-end=\"227\">No es magia: es <strong data-start=\"179\" data-end=\"226\">tecnolog\u00eda basada en la f\u00edsica y la qu\u00edmica<\/strong>.<\/p>\n<p data-start=\"229\" data-end=\"558\">Nuestro tratamiento hidrofugante penetra profundamente en los poros de los materiales de construcci\u00f3n \u2014ladrillo, bloque hueco u hormig\u00f3n\u2014 creando una <strong data-start=\"379\" data-end=\"400\">barrera invisible<\/strong> que impide la entrada del agua. En muros de piedra natural, el producto act\u00faa especialmente sobre las <strong data-start=\"503\" data-end=\"513\">juntas<\/strong>, que suelen ser el punto real de filtraci\u00f3n.<\/p>\n<p data-start=\"560\" data-end=\"802\">Gracias a su <strong data-start=\"573\" data-end=\"590\">alta densidad<\/strong>, superior a la del agua, el producto sella completamente los poros del material, bloqueando el paso de la humedad. Al mismo tiempo, permite que el muro <strong data-start=\"743\" data-end=\"754\">respire<\/strong>, <strong>evitando condensaciones y da\u00f1os a largo plazo.<\/strong><\/p>\n<p data-start=\"804\" data-end=\"978\">El resultado es una protecci\u00f3n eficaz contra filtraciones, mayor durabilidad del muro y un acabado limpio, sin cambios visibles, ya que el producto es <strong data-start=\"955\" data-end=\"977\">incoloro e inodoro<\/strong>.<\/p>\n<p data-start=\"980\" data-end=\"1069\">Una soluci\u00f3n profesional, discreta y duradera para mantener sus muros secos y protegidos.<\/p>\n\t\t<\/div>\n\t\t\t\t\t<\/div>\n\n\t\n<\/div>\n<div class=\"row\"  id=\"row-1919828153\">\n\n\t<div id=\"col-1462744964\" class=\"col small-12 large-12\"  >\n\t\t\t\t<div class=\"col-inner\"  >\n\t\t\t\n\t\t\t\n\t\t<\/div>\n\t\t\t\t\t<\/div>\n\n\t\n<\/div>","protected":false},"excerpt":{"rendered":"","protected":false},"author":1,"featured_media":0,"parent":0,"menu_order":0,"comment_status":"closed","ping_status":"closed","template":"","meta":{"_joinchat":[],"footnotes":""},"class_list":["post-95","page","type-page","status-publish","hentry"],"yoast_head":"<!-- This site is optimized with the Yoast SEO plugin v26.8 - https:\/\/yoast.com\/product\/yoast-seo-wordpress\/ -->\n<title>HUMEDADES - DENIA REFORMAS<\/title>\n<meta name=\"description\" content=\"Un producto alem\u00e1n que ofrece m\u00ednimo 20 a\u00f1os de garant\u00eda sobre la eficacia del producto. Sin obra (solo unos agujeros).\u00a0\" \/>\n<meta name=\"robots\" content=\"index, follow, max-snippet:-1, max-image-preview:large, max-video-preview:-1\" \/>\n<link rel=\"canonical\" href=\"https:\/\/deniareformas.com\/en\/humedades\/\" \/>\n<meta property=\"og:locale\" content=\"en_US\" \/>\n<meta property=\"og:type\" content=\"article\" \/>\n<meta property=\"og:title\" content=\"HUMEDADES - DENIA REFORMAS\" \/>\n<meta property=\"og:description\" content=\"Un producto alem\u00e1n que ofrece m\u00ednimo 20 a\u00f1os de garant\u00eda sobre la eficacia del producto. Sin obra (solo unos agujeros).\u00a0\" \/>\n<meta property=\"og:url\" content=\"https:\/\/deniareformas.com\/en\/humedades\/\" \/>\n<meta property=\"og:site_name\" content=\"DENIA REFORMAS\" \/>\n<meta property=\"article:publisher\" content=\"https:\/\/www.facebook.com\/profile.php?id=61574928158369\" \/>\n<meta property=\"article:modified_time\" content=\"2026-01-29T20:44:31+00:00\" \/>\n<meta name=\"twitter:card\" content=\"summary_large_image\" \/>\n<meta name=\"twitter:label1\" content=\"Est. reading time\" \/>\n\t<meta name=\"twitter:data1\" content=\"2 minutes\" \/>\n<script type=\"application\/ld+json\" class=\"yoast-schema-graph\">{\"@context\":\"https:\/\/schema.org\",\"@graph\":[{\"@type\":\"WebPage\",\"@id\":\"https:\/\/deniareformas.com\/en\/humedades\/\",\"url\":\"https:\/\/deniareformas.com\/en\/humedades\/\",\"name\":\"HUMEDADES - DENIA REFORMAS\",\"isPartOf\":{\"@id\":\"http:\/\/deniareformas.com\/#website\"},\"datePublished\":\"2025-04-08T13:18:16+00:00\",\"dateModified\":\"2026-01-29T20:44:31+00:00\",\"description\":\"Un producto alem\u00e1n que ofrece m\u00ednimo 20 a\u00f1os de garant\u00eda sobre la eficacia del producto. Sin obra (solo unos agujeros).\u00a0\",\"breadcrumb\":{\"@id\":\"https:\/\/deniareformas.com\/en\/humedades\/#breadcrumb\"},\"inLanguage\":\"en-US\",\"potentialAction\":[{\"@type\":\"ReadAction\",\"target\":[\"https:\/\/deniareformas.com\/en\/humedades\/\"]}]},{\"@type\":\"BreadcrumbList\",\"@id\":\"https:\/\/deniareformas.com\/en\/humedades\/#breadcrumb\",\"itemListElement\":[{\"@type\":\"ListItem\",\"position\":1,\"name\":\"Portada\",\"item\":\"http:\/\/deniareformas.com\/\"},{\"@type\":\"ListItem\",\"position\":2,\"name\":\"HUMEDADES\"}]},{\"@type\":\"WebSite\",\"@id\":\"http:\/\/deniareformas.com\/#website\",\"url\":\"http:\/\/deniareformas.com\/\",\"name\":\"DENIA REFORMAS\",\"description\":\"S&oacute;lo otro sitio de WordPress\",\"publisher\":{\"@id\":\"http:\/\/deniareformas.com\/#organization\"},\"potentialAction\":[{\"@type\":\"SearchAction\",\"target\":{\"@type\":\"EntryPoint\",\"urlTemplate\":\"http:\/\/deniareformas.com\/?s={search_term_string}\"},\"query-input\":{\"@type\":\"PropertyValueSpecification\",\"valueRequired\":true,\"valueName\":\"search_term_string\"}}],\"inLanguage\":\"en-US\"},{\"@type\":\"Organization\",\"@id\":\"http:\/\/deniareformas.com\/#organization\",\"name\":\"REFORMAS D\u00c9NIA\",\"url\":\"http:\/\/deniareformas.com\/\",\"logo\":{\"@type\":\"ImageObject\",\"inLanguage\":\"en-US\",\"@id\":\"http:\/\/deniareformas.com\/#\/schema\/logo\/image\/\",\"url\":\"http:\/\/deniareformas.com\/wp-content\/uploads\/2025\/03\/logo-3-1.jpg\",\"contentUrl\":\"http:\/\/deniareformas.com\/wp-content\/uploads\/2025\/03\/logo-3-1.jpg\",\"width\":560,\"height\":470,\"caption\":\"REFORMAS D\u00c9NIA\"},\"image\":{\"@id\":\"http:\/\/deniareformas.com\/#\/schema\/logo\/image\/\"},\"sameAs\":[\"https:\/\/www.facebook.com\/profile.php?id=61574928158369\"]}]}<\/script>\n<!-- \/ Yoast SEO plugin. -->","yoast_head_json":{"title":"HUMEDADES - DENIA REFORMAS","description":"A German product that offers a minimum 20-year guarantee on its effectiveness. No construction work required (just a few holes).\u00a0","robots":{"index":"index","follow":"follow","max-snippet":"max-snippet:-1","max-image-preview":"max-image-preview:large","max-video-preview":"max-video-preview:-1"},"canonical":"https:\/\/deniareformas.com\/en\/humedades\/","og_locale":"en_US","og_type":"article","og_title":"HUMEDADES - DENIA REFORMAS","og_description":"Un producto alem\u00e1n que ofrece m\u00ednimo 20 a\u00f1os de garant\u00eda sobre la eficacia del producto. Sin obra (solo unos agujeros).\u00a0","og_url":"https:\/\/deniareformas.com\/en\/humedades\/","og_site_name":"DENIA REFORMAS","article_publisher":"https:\/\/www.facebook.com\/profile.php?id=61574928158369","article_modified_time":"2026-01-29T20:44:31+00:00","twitter_card":"summary_large_image","twitter_misc":{"Est. reading time":"2 minutes"},"schema":{"@context":"https:\/\/schema.org","@graph":[{"@type":"WebPage","@id":"https:\/\/deniareformas.com\/en\/humedades\/","url":"https:\/\/deniareformas.com\/en\/humedades\/","name":"HUMEDADES - DENIA REFORMAS","isPartOf":{"@id":"http:\/\/deniareformas.com\/#website"},"datePublished":"2025-04-08T13:18:16+00:00","dateModified":"2026-01-29T20:44:31+00:00","description":"A German product that offers a minimum 20-year guarantee on its effectiveness. No construction work required (just a few holes).\u00a0","breadcrumb":{"@id":"https:\/\/deniareformas.com\/en\/humedades\/#breadcrumb"},"inLanguage":"en-US","potentialAction":[{"@type":"ReadAction","target":["https:\/\/deniareformas.com\/en\/humedades\/"]}]},{"@type":"BreadcrumbList","@id":"https:\/\/deniareformas.com\/en\/humedades\/#breadcrumb","itemListElement":[{"@type":"ListItem","position":1,"name":"Portada","item":"http:\/\/deniareformas.com\/"},{"@type":"ListItem","position":2,"name":"HUMEDADES"}]},{"@type":"WebSite","@id":"http:\/\/deniareformas.com\/#website","url":"http:\/\/deniareformas.com\/","name":"DENIA REFORMAS","description":"S&oacute;lo otro sitio de WordPress","publisher":{"@id":"http:\/\/deniareformas.com\/#organization"},"potentialAction":[{"@type":"SearchAction","target":{"@type":"EntryPoint","urlTemplate":"http:\/\/deniareformas.com\/?s={search_term_string}"},"query-input":{"@type":"PropertyValueSpecification","valueRequired":true,"valueName":"search_term_string"}}],"inLanguage":"en-US"},{"@type":"Organization","@id":"http:\/\/deniareformas.com\/#organization","name":"REFORMAS D\u00c9NIA","url":"http:\/\/deniareformas.com\/","logo":{"@type":"ImageObject","inLanguage":"en-US","@id":"http:\/\/deniareformas.com\/#\/schema\/logo\/image\/","url":"http:\/\/deniareformas.com\/wp-content\/uploads\/2025\/03\/logo-3-1.jpg","contentUrl":"http:\/\/deniareformas.com\/wp-content\/uploads\/2025\/03\/logo-3-1.jpg","width":560,"height":470,"caption":"REFORMAS D\u00c9NIA"},"image":{"@id":"http:\/\/deniareformas.com\/#\/schema\/logo\/image\/"},"sameAs":["https:\/\/www.facebook.com\/profile.php?id=61574928158369"]}]}},"_links":{"self":[{"href":"http:\/\/deniareformas.com\/en\/wp-json\/wp\/v2\/pages\/95","targetHints":{"allow":["GET"]}}],"collection":[{"href":"http:\/\/deniareformas.com\/en\/wp-json\/wp\/v2\/pages"}],"about":[{"href":"http:\/\/deniareformas.com\/en\/wp-json\/wp\/v2\/types\/page"}],"author":[{"embeddable":true,"href":"http:\/\/deniareformas.com\/en\/wp-json\/wp\/v2\/users\/1"}],"replies":[{"embeddable":true,"href":"http:\/\/deniareformas.com\/en\/wp-json\/wp\/v2\/comments?post=95"}],"version-history":[{"count":4,"href":"http:\/\/deniareformas.com\/en\/wp-json\/wp\/v2\/pages\/95\/revisions"}],"predecessor-version":[{"id":161,"href":"http:\/\/deniareformas.com\/en\/wp-json\/wp\/v2\/pages\/95\/revisions\/161"}],"wp:attachment":[{"href":"http:\/\/deniareformas.com\/en\/wp-json\/wp\/v2\/media?parent=95"}],"curies":[{"name":"wp","href":"https:\/\/api.w.org\/{rel}","templated":true}]}}